{"id":134,"date":"2020-09-08T09:05:58","date_gmt":"2020-09-08T09:05:58","guid":{"rendered":"https:\/\/cristinarata.com\/index.php\/about\/"},"modified":"2023-11-12T19:18:09","modified_gmt":"2023-11-12T18:18:09","slug":"despre-mine","status":"publish","type":"page","link":"https:\/\/cristinarata.com\/ru_ru\/despre-mine\/","title":{"rendered":"\u041e\u0431\u043e \u043c\u043d\u0435"},"content":{"rendered":"<div id=\"wp-block-themeisle-blocks-advanced-columns-46c722c4\" class=\"wp-block-themeisle-blocks-advanced-columns alignfull has-1-columns has-desktop-equal-layout has-tablet-equal-layout has-mobile-equal-layout has-vertical-unset\"><div class=\"wp-block-themeisle-blocks-advanced-columns-overlay\"><\/div><div class=\"innerblocks-wrap\">\n<div id=\"wp-block-themeisle-blocks-advanced-column-cc0c5360\" class=\"wp-block-themeisle-blocks-advanced-column\">\n<div class=\"wp-block-columns is-layout-flex wp-container-core-columns-is-layout-28f84493 wp-block-columns-is-layout-flex\">\n<div class=\"wp-block-column is-layout-flow wp-block-column-is-layout-flow\">\n<h2 class=\"wp-block-heading has-text-align-center has-black-color has-text-color has-large-font-size\">Experien\u021ba personal\u0103 m-a condus <\/h2>\n\n\n\n<h2 class=\"wp-block-heading has-text-align-center has-black-color has-text-color has-large-font-size\">la alimenta\u021bia f\u0103r\u0103 diete \u0219i <\/h2>\n\n\n\n<h2 class=\"wp-block-heading has-text-align-center has-black-color has-text-color has-large-font-size\">interpretarea analizelor de s\u00e2nge<\/h2>\n\n\n\n<p><\/p>\n<\/div>\n<\/div>\n<\/div>\n<\/div><\/div>\n\n\n\n<div class=\"wp-block-group alignfull has-white-background-color has-background is-layout-flow wp-block-group-is-layout-flow\">\n<div class=\"wp-block-columns alignwide are-vertically-aligned-center is-layout-flex wp-container-core-columns-is-layout-28f84493 wp-block-columns-is-layout-flex\">\n<div class=\"wp-block-column is-vertically-aligned-center is-layout-flow wp-block-column-is-layout-flow\" style=\"flex-basis:50%\">\n<figure class=\"wp-block-image size-large is-resized is-style-rounded\"><img fetchpriority=\"high\" decoding=\"async\" width=\"575\" height=\"1024\" src=\"https:\/\/cristinarata.com\/wp-content\/uploads\/2021\/05\/738d7a6b-b301-49f2-8be7-a618b79b89e8-575x1024.jpg\" alt=\"\" class=\"wp-image-795\" srcset=\"https:\/\/cristinarata.com\/wp-content\/uploads\/2021\/05\/738d7a6b-b301-49f2-8be7-a618b79b89e8-575x1024.jpg 575w, https:\/\/cristinarata.com\/wp-content\/uploads\/2021\/05\/738d7a6b-b301-49f2-8be7-a618b79b89e8-169x300.jpg 169w, https:\/\/cristinarata.com\/wp-content\/uploads\/2021\/05\/738d7a6b-b301-49f2-8be7-a618b79b89e8-768x1367.jpg 768w, https:\/\/cristinarata.com\/wp-content\/uploads\/2021\/05\/738d7a6b-b301-49f2-8be7-a618b79b89e8-863x1536.jpg 863w, https:\/\/cristinarata.com\/wp-content\/uploads\/2021\/05\/738d7a6b-b301-49f2-8be7-a618b79b89e8.jpg 899w\" sizes=\"(max-width: 575px) 100vw, 575px\" \/><\/figure>\n<\/div>\n\n\n\n<div class=\"wp-block-column is-vertically-aligned-center is-layout-flow wp-block-column-is-layout-flow\" style=\"flex-basis:60%\">\n<h3 class=\"wp-block-heading has-luminous-vivid-orange-color has-text-color\">\u041f\u0440\u0438\u0432\u0435\u0442\u0441\u0442\u0432\u0443\u044e \u0442\u0435\u0431\u044f, \u0434\u043e\u0440\u043e\u0433\u0430\u044f \u0436\u0435\u043d\u0449\u0438\u043d\u0430!<\/h3>\n\n\n\n<p>M\u0103 numesc Cristina Ra\u021b\u0103, am 40 de ani, sunt originar\u0103 din Republica Moldova, so\u021bie fericit\u0103 \u0219i mam\u0103 a doi copii minuna\u021bi. <\/p>\n\n\n\n<p class=\"has-text-align-left\">\u041c\u043e\u0438 \u043e\u0442\u043d\u043e\u0448\u0435\u043d\u0438\u044f \u0441 \u043f\u0438\u0442\u0430\u043d\u0438\u0435\u043c \u043d\u0430\u0447\u0430\u043b\u0438\u0441\u044c 16 \u043b\u0435\u0442 \u043d\u0430\u0437\u0430\u0434, \u043a\u043e\u0433\u0434\u0430 \u043c\u043e\u0451 \u0437\u0434\u043e\u0440\u043e\u0432\u044c\u0435 \u0431\u044b\u043b\u043e \u0441\u043b\u0430\u0431\u044b\u043c. \u0423 \u043c\u0435\u043d\u044f \u0431\u044b\u043b\u0438 \u0433\u043e\u043b\u043e\u0432\u043d\u044b\u0435 \u0431\u043e\u043b\u0438, \u043d\u0435\u0440\u0435\u0433\u0443\u043b\u044f\u0440\u043d\u044b\u0435 \u043c\u0435\u0441\u044f\u0447\u043d\u044b\u0435, \u0431\u043e\u043b\u0438 \u0432 \u044f\u0438\u0447\u043d\u0438\u043a\u0430\u0445. \u0421 \u043f\u043e\u043c\u043e\u0449\u044c\u044e \u0442\u0440\u0430\u0434\u0438\u0446\u0438\u043e\u043d\u043d\u043e\u0439 \u043c\u0435\u0434\u0438\u0446\u0438\u043d\u044b \u043c\u043d\u0435 \u0443\u0434\u0430\u043b\u043e\u0441\u044c \u0432\u044b\u043b\u0435\u0447\u0438\u0442\u044c \u0441\u0438\u043c\u043f\u0442\u043e\u043c\u044b, \u043d\u043e \u043d\u0435 \u043f\u0440\u0438\u0447\u0438\u043d\u044b. \u042d\u0442\u043e \u0437\u0430\u0441\u0442\u0430\u0432\u0438\u043b\u043e \u043c\u0435\u043d\u044f \u0438\u0441\u043a\u0430\u0442\u044c \u0440\u0435\u0448\u0435\u043d\u0438\u044f \u0438 \u043f\u043e\u043d\u044f\u0442\u044c, \u0447\u0442\u043e 80% \u0440\u0435\u0448\u0435\u043d\u0438\u044f<strong> <\/strong>\u0437\u0430\u0432\u0438\u0441\u044f\u0442 \u043e\u0442 \u043a\u043e\u0436\u0434\u043e\u0434\u043d\u0435\u0432\u043d\u043e\u0433\u043e \u043f\u0438\u0442\u0430\u043d\u0438\u044f.<\/p>\n\n\n\n<p>Am \u00eencercat multe metode, dar am \u00een\u021beles c\u0103 conceptul farfuriei echilibate \u0219i al alimenta\u021biei neinflamatoare d\u0103 rezultate pe termen lung \u0219i este potrivit pentru toat\u0103 familia mea. Sunt o femeie ocupat\u0103, combin\u00e2nd zilnic responsabilit\u0103\u021bile de mam\u0103 cu o bogat\u0103 via\u021b\u0103 profesional\u0103. Prin simplitatea \u0219i flexibilitatea farfuriei echilibrate, economisesc timp la cump\u0103r\u0103turi \u0219i g\u0103tit, men\u021bin s\u0103n\u0103tatea mea \u0219i a familiei mele. <\/p>\n\n\n\n<p>Mai mult ca at\u00e2t, acum 3 ani, paralizia facial\u0103 \u0219i starea de ame\u021beli, c\u0103derea p\u0103rului \u0219i iar f\u0103r\u0103 solu\u021bionarea cauzelor de c\u0103tre medicina tradi\u021bional\u0103, m-au f\u0103cut s\u0103 fac \u0219coal\u0103 de preven\u021bie \u0219i interpretarea analizelor de s\u00e2nge. Am reu\u0219it s\u0103 rezolv anemia \u0219i disfunc\u021biile tiroidiene.<\/p>\n\n\n\n<p>A\u0219a a ap\u0103rut misiunea mea: ajut femeile de 25-50 ani s\u0103 scape de oboseal\u0103, discomfort \u0219i kilograme.<\/p>\n\n\n\n<div class=\"wp-block-buttons is-layout-flex wp-block-buttons-is-layout-flex\">\n<div class=\"wp-block-button has-custom-font-size has-medium-font-size\"><a class=\"wp-block-button__link has-white-color has-luminous-vivid-orange-background-color has-text-color has-background wp-element-button\" href=\"https:\/\/cristinarata.com\/ru_ru\/program-femeie-sanatoasa\/\" style=\"border-radius:15px\">PROGRAMEAZ\u0102 O \u00ceNT\u00c2LNIRE GRATUIT\u0102<\/a><\/div>\n<\/div>\n<\/div>\n<\/div>\n<\/div>\n\n\n\n<div class=\"wp-block-group alignfull has-background is-layout-flow wp-block-group-is-layout-flow\" style=\"background-color:#e6eaee\">\n<div class=\"wp-block-columns is-layout-flex wp-container-core-columns-is-layout-28f84493 wp-block-columns-is-layout-flex\">\n<div class=\"wp-block-column is-layout-flow wp-block-column-is-layout-flow\">\n<h2 class=\"wp-block-heading has-text-align-center has-luminous-vivid-orange-color has-text-color\">\u041c\u043e\u0438 \u043a\u0432\u0430\u043b\u0438\u0444\u0438\u043a\u0430\u0446\u0438\u0438<\/h2>\n\n\n\n<ul class=\"wp-block-list\">\n<li>,,\u041d\u0443\u0442\u0440\u0438\u0446\u0438\u043e\u043b\u043e\u0433. \u041f\u0438\u0442\u0430\u043d\u0438\u0435 \u0438 \u0433\u0435\u043d\u0435\u0442\u0438\u043a\u0430\" - \u0434\u0438\u043f\u043b\u043e\u043c \u0432\u044b\u0434\u0430\u043d \u0418\u043d\u0441\u0442\u0438\u0442\u0443\u0442\u043e\u043c \u0437\u0434\u043e\u0440\u043e\u0432\u044c\u044f Nutrilite (\u0421\u0428\u0410)<\/li>\n\n\n\n<li> ,,\u041e\u0441\u043d\u043e\u0432\u044b \u0434\u0438\u0435\u0442\u043e\u043b\u043e\u0433\u0438\u0438 \u0438 \u043f\u0438\u0442\u0430\u043d\u0438\u044f\" - \u0434\u0438\u043f\u043b\u043e\u043c, \u0432\u044b\u0434\u0430\u043d\u043d\u044b\u0439 \u0428\u043a\u043e\u043b\u043e\u0439 \u0414\u0438\u0435\u0442\u043e\u043b\u043e\u0433\u0438\u0438 (\u0420\u043e\u0441\u0441\u0438\u044f)<\/li>\n\n\n\n<li> ,,\u041d\u0443\u0442\u0440\u0438\u0446\u0438\u043e\u043b\u043e\u0433\" - \u0434\u0438\u043f\u043b\u043e\u043c, \u0432\u044b\u0434\u0430\u043d\u043d\u044b\u0439 \u0415\u0432\u0440\u043e\u043f\u0435\u0439\u0441\u043a\u0438\u043c \u043d\u0430\u0443\u0447\u043d\u044b\u043c \u043e\u0431\u0449\u0435\u0441\u0442\u0432\u043e\u043c (\u0413\u0435\u0440\u043c\u0430\u043d\u0438\u044f)<\/li>\n\n\n\n<li> ,,\u041a\u043e\u043d\u0441\u0443\u043b\u044c\u0442\u0430\u043d\u0442 \u043f\u043e \u043f\u0438\u0449\u0435\u0432\u044b\u043c \u0434\u043e\u0431\u0430\u0432\u043a\u0430\u043c\" - \u0434\u0438\u043f\u043b\u043e\u043c, \u0432\u044b\u0434\u0430\u043d\u043d\u044b\u0439 \u0418\u043d\u0441\u0442\u0438\u0442\u0443\u0442\u043e\u043c \u0437\u0434\u043e\u0440\u043e\u0432\u044c\u044f Nutrilite (\u0421\u0428\u0410) <\/li>\n<\/ul>\n<\/div>\n\n\n\n<div class=\"wp-block-column is-layout-flow wp-block-column-is-layout-flow\">\n<h2 class=\"wp-block-heading has-text-align-center has-luminous-vivid-orange-color has-text-color\">\u041e\u0431\u043e \u043c\u043d\u0435<\/h2>\n\n\n\n<ul class=\"wp-block-list\" id=\"block-5c139343-5855-47d0-a648-98c4848021d0\">\n<li>4 \u0440\u0430\u0437\u043e\u0432\u043e\u0435 \u043f\u0438\u0442\u0430\u043d\u0438\u0435<\/li>\n\n\n\n<li>\u0411\u0435\u043b\u043a\u0438 \u0432 \u043a\u0430\u0436\u0434\u043e\u043c \u043f\u0440\u0438\u0451\u043c\u0435 \u043f\u0438\u0449\u0438<\/li>\n\n\n\n<li>\u041b\u044e\u0431\u0438\u043c\u044b\u0435 \u0432\u0438\u0434\u044b \u0441\u043f\u043e\u0440\u0442\u0430: \u0439\u043e\u0433\u0430, \u0430\u044d\u0440\u043e\u0431\u0438\u043a\u0430, \u043f\u0440\u043e\u0433\u0443\u043b\u043a\u0438 \u043d\u0430 \u0441\u0432\u0435\u0436\u0435\u043c \u0432\u043e\u0437\u0434\u0443\u0445\u0435.<\/li>\n\n\n\n<li>\u042f \u0441\u043b\u0443\u0448\u0430\u044e \u0438\u043d\u0441\u0442\u0440\u0443\u043c\u0435\u043d\u0442\u0430\u043b\u044c\u043d\u0443\u044e \u043c\u0443\u0437\u044b\u043a\u0443 \u0434\u043b\u044f \u044d\u043d\u0435\u0440\u0433\u0438\u0438 \u0438 \u0445\u043e\u0440\u043e\u0448\u0435\u0433\u043e \u043d\u0430\u0441\u0442\u0440\u043e\u0435\u043d\u0438\u044f.<\/li>\n\n\n\n<li>\u041c\u043e\u0438 \u043e\u0431\u0440\u0430\u0437\u0446\u044b \u0434\u043b\u044f \u043f\u043e\u0434\u0440\u0430\u0436\u0430\u043d\u0438\u044f - \u0414\u0436\u0435\u043d\u043d\u0438\u0444\u0435\u0440 \u041b\u043e\u043f\u0435\u0441 \u0438 \u0410\u043d\u0434\u0440\u0435\u044f \u041c\u0430\u0440\u0438\u043d.<\/li>\n\n\n\n<li>\u041b\u044e\u0431\u0438\u043c\u0430\u044f \u043a\u043d\u0438\u0433\u0430 - \"\u041b\u0438\u0447\u043d\u043e\u0441\u0442\u044c \u043f\u043b\u044e\u0441\" \u0424\u043b\u043e\u0440\u0435\u043d\u0441 \u041b\u0438\u0442\u0442\u0430\u0443\u044d\u0440.<\/li>\n<\/ul>\n\n\n\n<p><\/p>\n<\/div>\n<\/div>\n<\/div>\n\n\n\n<div class=\"wp-block-group alignfull has-white-background-color has-background is-layout-flow wp-block-group-is-layout-flow\">\n<div class=\"wp-block-buttons is-horizontal is-content-justification-center is-layout-flex wp-container-core-buttons-is-layout-03627597 wp-block-buttons-is-layout-flex\">\n<div class=\"wp-block-button has-custom-font-size has-medium-font-size\"><a class=\"wp-block-button__link has-white-color has-luminous-vivid-orange-background-color has-text-color has-background wp-element-button\" href=\"https:\/\/cristinarata.com\/ru_ru\/program-femeie-sanatoasa\/\" style=\"border-radius:15px\">PROGRAMEAZ\u0102 O \u00ceNT\u021aLNIRE GRATUIT\u0102<\/a><\/div>\n<\/div>\n<\/div>\n\n\n\n<p><\/p>","protected":false},"excerpt":{"rendered":"<p>Bine te-am g\u0103sit, drag\u0103 femeie! M\u0103 numesc Cristina Ra\u021b\u0103, am 40 de ani, sunt originar\u0103 din Republica Moldova, so\u021bie fericit\u0103 \u0219i mam\u0103 a doi copii minuna\u021bi. Rela\u021bia mea cu domeniul nutri\u021biei a \u00eenceput acum 16 ani, c\u00e2nd starea mea de s\u0103n\u0103tate era precar\u0103. Aveam dureri de cap, ciclu menstrual neregulat, dureri de ovare. Cu ajutorul [&hellip;]<\/p>\n","protected":false},"author":2,"featured_media":0,"parent":0,"menu_order":0,"comment_status":"closed","ping_status":"closed","template":"","meta":{"_uag_custom_page_level_css":"","wprm-recipe-roundup-name":"","wprm-recipe-roundup-description":"","_monsterinsights_skip_tracking":false,"_monsterinsights_sitenote_active":false,"_monsterinsights_sitenote_note":"","_monsterinsights_sitenote_category":0,"site-sidebar-layout":"no-sidebar","site-content-layout":"plain-container","ast-site-content-layout":"","site-content-style":"default","site-sidebar-style":"default","ast-global-header-display":"","ast-banner-title-visibility":"","ast-main-header-display":"","ast-hfb-above-header-display":"","ast-hfb-below-header-display":"","ast-hfb-mobile-header-display":"","site-post-title":"disabled","ast-breadcrumbs-content":"","ast-featured-img":"","footer-sml-layout":"","theme-transparent-header-meta":"default","adv-header-id-meta":"","stick-header-meta":"","header-above-stick-meta":"","header-main-stick-meta":"","header-below-stick-meta":"","astra-migrate-meta-layouts":"default","ast-page-background-enabled":"default","ast-page-background-meta":{"desktop":{"background-color":"","background-image":"","background-repeat":"repeat","background-position":"center center","background-size":"auto","background-attachment":"scroll","background-type":"","background-media":"","overlay-type":"","overlay-color":"","overlay-opacity":"","overlay-gradient":""},"tablet":{"background-color":"","background-image":"","background-repeat":"repeat","background-position":"center center","background-size":"auto","background-attachment":"scroll","background-type":"","background-media":"","overlay-type":"","overlay-color":"","overlay-opacity":"","overlay-gradient":""},"mobile":{"background-color":"","background-image":"","background-repeat":"repeat","background-position":"center center","background-size":"auto","background-attachment":"scroll","background-type":"","background-media":"","overlay-type":"","overlay-color":"","overlay-opacity":"","overlay-gradient":""}},"ast-content-background-meta":{"desktop":{"background-color":"var(--ast-global-color-5)","background-image":"","background-repeat":"repeat","background-position":"center center","background-size":"auto","background-attachment":"scroll","background-type":"","background-media":"","overlay-type":"","overlay-color":"","overlay-opacity":"","overlay-gradient":""},"tablet":{"background-color":"var(--ast-global-color-5)","background-image":"","background-repeat":"repeat","background-position":"center center","background-size":"auto","background-attachment":"scroll","background-type":"","background-media":"","overlay-type":"","overlay-color":"","overlay-opacity":"","overlay-gradient":""},"mobile":{"background-color":"var(--ast-global-color-5)","background-image":"","background-repeat":"repeat","background-position":"center center","background-size":"auto","background-attachment":"scroll","background-type":"","background-media":"","overlay-type":"","overlay-color":"","overlay-opacity":"","overlay-gradient":""}},"_themeisle_gutenberg_block_has_review":false,"footnotes":""},"class_list":["post-134","page","type-page","status-publish","hentry"],"aioseo_notices":[],"yoast_head":"<!-- This site is optimized with the Yoast SEO plugin v27.5 - https:\/\/yoast.com\/product\/yoast-seo-wordpress\/ -->\n<title>Despre Cristina Ra\u021b\u0103<\/title>\n<meta name=\"description\" content=\"Nutri\u021bionist atestat \u00een Germania, te sus\u021bin s\u0103-\u021bi \u00eembun\u0103t\u0103\u021be\u0219ti s\u0103n\u0103tatea prin alimeta\u021bie echilibrat\u0103 \u0219i s\u0103 sl\u0103be\u0219ti f\u0103r\u0103 diete restrictive.\" \/>\n<meta name=\"robots\" content=\"index, follow, max-snippet:-1, max-image-preview:large, max-video-preview:-1\" \/>\n<link rel=\"canonical\" href=\"https:\/\/cristinarata.com\/ru_ru\/despre-mine\/\" \/>\n<meta property=\"og:locale\" content=\"ru_RU\" \/>\n<meta property=\"og:type\" content=\"article\" \/>\n<meta property=\"og:title\" content=\"Cristina Ra\u021b\u0103 - nutri\u021bionist atestat \u00een Germania\" \/>\n<meta property=\"og:description\" content=\"Nutri\u021bionist atestat \u00een Germania, te sus\u021bin s\u0103-\u021bi \u00eembun\u0103t\u0103\u021be\u0219ti s\u0103n\u0103tatea prin alimeta\u021bie echilibrat\u0103 \u0219i s\u0103 sl\u0103be\u0219ti f\u0103r\u0103 diete restrictive.\" \/>\n<meta property=\"og:url\" content=\"https:\/\/cristinarata.com\/ru_ru\/despre-mine\/\" \/>\n<meta property=\"og:site_name\" content=\"Cristina Rata\" \/>\n<meta property=\"article:publisher\" content=\"https:\/\/www.facebook.com\/cristinarata.de\" \/>\n<meta property=\"article:modified_time\" content=\"2023-11-12T18:18:09+00:00\" \/>\n<meta property=\"og:image\" content=\"https:\/\/cristinarata.com\/wp-content\/uploads\/2021\/05\/IMG_20210105_144036.jpg\" \/>\n\t<meta property=\"og:image:width\" content=\"334\" \/>\n\t<meta property=\"og:image:height\" content=\"667\" \/>\n\t<meta property=\"og:image:type\" content=\"image\/jpeg\" \/>\n<meta name=\"twitter:card\" content=\"summary_large_image\" \/>\n<meta name=\"twitter:label1\" content=\"\u041f\u0440\u0438\u043c\u0435\u0440\u043d\u043e\u0435 \u0432\u0440\u0435\u043c\u044f \u0434\u043b\u044f \u0447\u0442\u0435\u043d\u0438\u044f\" \/>\n\t<meta name=\"twitter:data1\" content=\"2 \u043c\u0438\u043d\u0443\u0442\u044b\" \/>\n<script type=\"application\/ld+json\" class=\"yoast-schema-graph\">{\"@context\":\"https:\\\/\\\/schema.org\",\"@graph\":[{\"@type\":\"WebPage\",\"@id\":\"https:\\\/\\\/cristinarata.com\\\/despre-mine\\\/\",\"url\":\"https:\\\/\\\/cristinarata.com\\\/despre-mine\\\/\",\"name\":\"Despre Cristina Ra\u021b\u0103\",\"isPartOf\":{\"@id\":\"https:\\\/\\\/cristinarata.com\\\/#website\"},\"primaryImageOfPage\":{\"@id\":\"https:\\\/\\\/cristinarata.com\\\/despre-mine\\\/#primaryimage\"},\"image\":{\"@id\":\"https:\\\/\\\/cristinarata.com\\\/despre-mine\\\/#primaryimage\"},\"thumbnailUrl\":\"https:\\\/\\\/cristinarata.com\\\/wp-content\\\/uploads\\\/2021\\\/05\\\/738d7a6b-b301-49f2-8be7-a618b79b89e8-575x1024.jpg\",\"datePublished\":\"2020-09-08T09:05:58+00:00\",\"dateModified\":\"2023-11-12T18:18:09+00:00\",\"description\":\"Nutri\u021bionist atestat \u00een Germania, te sus\u021bin s\u0103-\u021bi \u00eembun\u0103t\u0103\u021be\u0219ti s\u0103n\u0103tatea prin alimeta\u021bie echilibrat\u0103 \u0219i s\u0103 sl\u0103be\u0219ti f\u0103r\u0103 diete restrictive.\",\"breadcrumb\":{\"@id\":\"https:\\\/\\\/cristinarata.com\\\/despre-mine\\\/#breadcrumb\"},\"inLanguage\":\"ru-RU\",\"potentialAction\":[{\"@type\":\"ReadAction\",\"target\":[\"https:\\\/\\\/cristinarata.com\\\/despre-mine\\\/\"]}]},{\"@type\":\"ImageObject\",\"inLanguage\":\"ru-RU\",\"@id\":\"https:\\\/\\\/cristinarata.com\\\/despre-mine\\\/#primaryimage\",\"url\":\"https:\\\/\\\/cristinarata.com\\\/wp-content\\\/uploads\\\/2021\\\/05\\\/738d7a6b-b301-49f2-8be7-a618b79b89e8-575x1024.jpg\",\"contentUrl\":\"https:\\\/\\\/cristinarata.com\\\/wp-content\\\/uploads\\\/2021\\\/05\\\/738d7a6b-b301-49f2-8be7-a618b79b89e8-575x1024.jpg\"},{\"@type\":\"BreadcrumbList\",\"@id\":\"https:\\\/\\\/cristinarata.com\\\/despre-mine\\\/#breadcrumb\",\"itemListElement\":[{\"@type\":\"ListItem\",\"position\":1,\"name\":\"Prima pagin\u0103\",\"item\":\"https:\\\/\\\/cristinarata.com\\\/\"},{\"@type\":\"ListItem\",\"position\":2,\"name\":\"Despre mine\"}]},{\"@type\":\"WebSite\",\"@id\":\"https:\\\/\\\/cristinarata.com\\\/#website\",\"url\":\"https:\\\/\\\/cristinarata.com\\\/\",\"name\":\"Cristina Rata - nutri\u021bionist\",\"description\":\"Ambasadorul farfuriei echilibrate\",\"publisher\":{\"@id\":\"https:\\\/\\\/cristinarata.com\\\/#organization\"},\"potentialAction\":[{\"@type\":\"SearchAction\",\"target\":{\"@type\":\"EntryPoint\",\"urlTemplate\":\"https:\\\/\\\/cristinarata.com\\\/?s={search_term_string}\"},\"query-input\":{\"@type\":\"PropertyValueSpecification\",\"valueRequired\":true,\"valueName\":\"search_term_string\"}}],\"inLanguage\":\"ru-RU\"},{\"@type\":\"Organization\",\"@id\":\"https:\\\/\\\/cristinarata.com\\\/#organization\",\"name\":\"Cristina Ra\u021b\u0103\",\"url\":\"https:\\\/\\\/cristinarata.com\\\/\",\"logo\":{\"@type\":\"ImageObject\",\"inLanguage\":\"ru-RU\",\"@id\":\"https:\\\/\\\/cristinarata.com\\\/#\\\/schema\\\/logo\\\/image\\\/\",\"url\":\"https:\\\/\\\/cristinarata.com\\\/wp-content\\\/uploads\\\/2021\\\/05\\\/cropped-\u0420\u0438\u0441\u0443\u043d\u043e\u043a3.png\",\"contentUrl\":\"https:\\\/\\\/cristinarata.com\\\/wp-content\\\/uploads\\\/2021\\\/05\\\/cropped-\u0420\u0438\u0441\u0443\u043d\u043e\u043a3.png\",\"width\":448,\"height\":448,\"caption\":\"Cristina Ra\u021b\u0103\"},\"image\":{\"@id\":\"https:\\\/\\\/cristinarata.com\\\/#\\\/schema\\\/logo\\\/image\\\/\"},\"sameAs\":[\"https:\\\/\\\/www.facebook.com\\\/cristinarata.de\",\"https:\\\/\\\/www.instagram.com\\\/cristinarata_nutritionist\\\/\",\"https:\\\/\\\/www.linkedin.com\\\/in\\\/cristina-rata-389535221\\\/\"]}]}<\/script>\n<!-- \/ Yoast SEO plugin. -->","yoast_head_json":{"title":"Despre Cristina Ra\u021b\u0103","description":"Nutri\u021bionist atestat \u00een Germania, te sus\u021bin s\u0103-\u021bi \u00eembun\u0103t\u0103\u021be\u0219ti s\u0103n\u0103tatea prin alimeta\u021bie echilibrat\u0103 \u0219i s\u0103 sl\u0103be\u0219ti f\u0103r\u0103 diete restrictive.","robots":{"index":"index","follow":"follow","max-snippet":"max-snippet:-1","max-image-preview":"max-image-preview:large","max-video-preview":"max-video-preview:-1"},"canonical":"https:\/\/cristinarata.com\/ru_ru\/despre-mine\/","og_locale":"ru_RU","og_type":"article","og_title":"Cristina Ra\u021b\u0103 - nutri\u021bionist atestat \u00een Germania","og_description":"Nutri\u021bionist atestat \u00een Germania, te sus\u021bin s\u0103-\u021bi \u00eembun\u0103t\u0103\u021be\u0219ti s\u0103n\u0103tatea prin alimeta\u021bie echilibrat\u0103 \u0219i s\u0103 sl\u0103be\u0219ti f\u0103r\u0103 diete restrictive.","og_url":"https:\/\/cristinarata.com\/ru_ru\/despre-mine\/","og_site_name":"Cristina Rata","article_publisher":"https:\/\/www.facebook.com\/cristinarata.de","article_modified_time":"2023-11-12T18:18:09+00:00","og_image":[{"width":334,"height":667,"url":"https:\/\/cristinarata.com\/wp-content\/uploads\/2021\/05\/IMG_20210105_144036.jpg","type":"image\/jpeg"}],"twitter_card":"summary_large_image","twitter_misc":{"\u041f\u0440\u0438\u043c\u0435\u0440\u043d\u043e\u0435 \u0432\u0440\u0435\u043c\u044f \u0434\u043b\u044f \u0447\u0442\u0435\u043d\u0438\u044f":"2 \u043c\u0438\u043d\u0443\u0442\u044b"},"schema":{"@context":"https:\/\/schema.org","@graph":[{"@type":"WebPage","@id":"https:\/\/cristinarata.com\/despre-mine\/","url":"https:\/\/cristinarata.com\/despre-mine\/","name":"Despre Cristina Ra\u021b\u0103","isPartOf":{"@id":"https:\/\/cristinarata.com\/#website"},"primaryImageOfPage":{"@id":"https:\/\/cristinarata.com\/despre-mine\/#primaryimage"},"image":{"@id":"https:\/\/cristinarata.com\/despre-mine\/#primaryimage"},"thumbnailUrl":"https:\/\/cristinarata.com\/wp-content\/uploads\/2021\/05\/738d7a6b-b301-49f2-8be7-a618b79b89e8-575x1024.jpg","datePublished":"2020-09-08T09:05:58+00:00","dateModified":"2023-11-12T18:18:09+00:00","description":"Nutri\u021bionist atestat \u00een Germania, te sus\u021bin s\u0103-\u021bi \u00eembun\u0103t\u0103\u021be\u0219ti s\u0103n\u0103tatea prin alimeta\u021bie echilibrat\u0103 \u0219i s\u0103 sl\u0103be\u0219ti f\u0103r\u0103 diete restrictive.","breadcrumb":{"@id":"https:\/\/cristinarata.com\/despre-mine\/#breadcrumb"},"inLanguage":"ru-RU","potentialAction":[{"@type":"ReadAction","target":["https:\/\/cristinarata.com\/despre-mine\/"]}]},{"@type":"ImageObject","inLanguage":"ru-RU","@id":"https:\/\/cristinarata.com\/despre-mine\/#primaryimage","url":"https:\/\/cristinarata.com\/wp-content\/uploads\/2021\/05\/738d7a6b-b301-49f2-8be7-a618b79b89e8-575x1024.jpg","contentUrl":"https:\/\/cristinarata.com\/wp-content\/uploads\/2021\/05\/738d7a6b-b301-49f2-8be7-a618b79b89e8-575x1024.jpg"},{"@type":"BreadcrumbList","@id":"https:\/\/cristinarata.com\/despre-mine\/#breadcrumb","itemListElement":[{"@type":"ListItem","position":1,"name":"Prima pagin\u0103","item":"https:\/\/cristinarata.com\/"},{"@type":"ListItem","position":2,"name":"Despre mine"}]},{"@type":"WebSite","@id":"https:\/\/cristinarata.com\/#website","url":"https:\/\/cristinarata.com\/","name":"Cristina Rata - nutri\u021bionist","description":"\u041f\u043e\u0441\u043e\u043b \u0441\u0431\u0430\u043b\u0430\u043d\u0441\u0438\u0440\u043e\u0432\u0430\u043d\u043d\u043e\u0439 \u0442\u0430\u0440\u0435\u043b\u043a\u0438","publisher":{"@id":"https:\/\/cristinarata.com\/#organization"},"potentialAction":[{"@type":"SearchAction","target":{"@type":"EntryPoint","urlTemplate":"https:\/\/cristinarata.com\/?s={search_term_string}"},"query-input":{"@type":"PropertyValueSpecification","valueRequired":true,"valueName":"search_term_string"}}],"inLanguage":"ru-RU"},{"@type":"Organization","@id":"https:\/\/cristinarata.com\/#organization","name":"Cristina Ra\u021b\u0103","url":"https:\/\/cristinarata.com\/","logo":{"@type":"ImageObject","inLanguage":"ru-RU","@id":"https:\/\/cristinarata.com\/#\/schema\/logo\/image\/","url":"https:\/\/cristinarata.com\/wp-content\/uploads\/2021\/05\/cropped-\u0420\u0438\u0441\u0443\u043d\u043e\u043a3.png","contentUrl":"https:\/\/cristinarata.com\/wp-content\/uploads\/2021\/05\/cropped-\u0420\u0438\u0441\u0443\u043d\u043e\u043a3.png","width":448,"height":448,"caption":"Cristina Ra\u021b\u0103"},"image":{"@id":"https:\/\/cristinarata.com\/#\/schema\/logo\/image\/"},"sameAs":["https:\/\/www.facebook.com\/cristinarata.de","https:\/\/www.instagram.com\/cristinarata_nutritionist\/","https:\/\/www.linkedin.com\/in\/cristina-rata-389535221\/"]}]}},"uagb_featured_image_src":{"full":false,"thumbnail":false,"medium":false,"medium_large":false,"large":false,"1536x1536":false,"2048x2048":false,"trp-custom-language-flag":false,"wprm-metadata-1_1":false,"wprm-metadata-4_3":false,"wprm-metadata-16_9":false},"uagb_author_info":{"display_name":"Dan Irina","author_link":"https:\/\/cristinarata.com\/ru_ru\/author\/irina-dan\/"},"uagb_comment_info":0,"uagb_excerpt":"Bine te-am g\u0103sit, drag\u0103 femeie! M\u0103 numesc Cristina Ra\u021b\u0103, am 40 de ani, sunt originar\u0103 din Republica Moldova, so\u021bie fericit\u0103 \u0219i mam\u0103 a doi copii minuna\u021bi. Rela\u021bia mea cu domeniul nutri\u021biei a \u00eenceput acum 16 ani, c\u00e2nd starea mea de s\u0103n\u0103tate era precar\u0103. Aveam dureri de cap, ciclu menstrual neregulat, dureri de ovare. Cu ajutorul&hellip;","_links":{"self":[{"href":"https:\/\/cristinarata.com\/ru_ru\/wp-json\/wp\/v2\/pages\/134","targetHints":{"allow":["GET"]}}],"collection":[{"href":"https:\/\/cristinarata.com\/ru_ru\/wp-json\/wp\/v2\/pages"}],"about":[{"href":"https:\/\/cristinarata.com\/ru_ru\/wp-json\/wp\/v2\/types\/page"}],"author":[{"embeddable":true,"href":"https:\/\/cristinarata.com\/ru_ru\/wp-json\/wp\/v2\/users\/2"}],"replies":[{"embeddable":true,"href":"https:\/\/cristinarata.com\/ru_ru\/wp-json\/wp\/v2\/comments?post=134"}],"version-history":[{"count":152,"href":"https:\/\/cristinarata.com\/ru_ru\/wp-json\/wp\/v2\/pages\/134\/revisions"}],"predecessor-version":[{"id":3579,"href":"https:\/\/cristinarata.com\/ru_ru\/wp-json\/wp\/v2\/pages\/134\/revisions\/3579"}],"wp:attachment":[{"href":"https:\/\/cristinarata.com\/ru_ru\/wp-json\/wp\/v2\/media?parent=134"}],"curies":[{"name":"wp","href":"https:\/\/api.w.org\/{rel}","templated":true}]}}