{"id":2186,"date":"2021-09-24T08:44:45","date_gmt":"2021-09-24T06:44:45","guid":{"rendered":"https:\/\/cristinarata.com\/?page_id=2186"},"modified":"2021-12-21T13:49:47","modified_gmt":"2021-12-21T12:49:47","slug":"impressum","status":"publish","type":"page","link":"https:\/\/cristinarata.com\/ru_ru\/impressum\/","title":{"rendered":"\u0418\u043c\u043f\u0440\u0435\u0441\u0441\u0443\u043c"},"content":{"rendered":"<div class=\"wp-block-themeisle-blocks-advanced-columns has-2-columns has-desktop-equal-layout has-tablet-equal-layout has-mobile-collapsedRows-layout has-default-gap has-vertical-flex-start\" id=\"wp-block-themeisle-blocks-advanced-columns-8caf3139\"><div class=\"wp-block-themeisle-blocks-advanced-columns-overlay\"><\/div><div class=\"innerblocks-wrap\">\n<div class=\"wp-block-themeisle-blocks-advanced-column\" id=\"wp-block-themeisle-blocks-advanced-column-0f24bfec\">\n<h3 class=\"wp-block-heading\">Informa\u021bii legale<\/h3>\n\n\n\n<p>Informa\u021bii \u00een conformitate cu sec\u021biunea 5 TMG<\/p>\n\n\n\n<p>Cristina Ra\u021b\u0103<\/p>\n\n\n\n<p>Zimmerergasse 1<\/p>\n\n\n\n<p>78628 Rottweil<\/p>\n\n\n\n<p><strong>\u041a\u043e\u043d\u0441\u0443\u043b\u044c\u0442\u0430\u0446\u0438\u044f<\/strong><\/p>\n\n\n\n<p>Telefon: +4915226936271<\/p>\n\n\n\n<p>E-mai:  cristinarata.contact@gmail.com <\/p>\n\n\n\n<p><strong>Num\u0103r registru <\/strong><\/p>\n\n\n\n<p>19240\/10112<\/p>\n\n\n\n<p><strong>Disclaimer<\/strong><\/p>\n\n\n\n<p><strong>R\u0103spunderea pentru con\u021binut<\/strong><br>\u00cen calitate de furnizor de servicii, suntem r\u0103spunz\u0103tori pentru con\u021binutul propriu de pe aceste pagini, \u00een conformitate cu legisla\u021bia general\u0103, \u00een conformitate cu sec\u021biunea 7 alineatul 1 din Legea german\u0103 privind telemedia (TMG). Cu toate acestea, \u00een conformitate cu \u00a7\u00a7 8-10 TMG, nu suntem obliga\u021bi, \u00een calitate de furnizor de servicii, s\u0103 monitoriz\u0103m informa\u021biile transmise sau stocate de ter\u021bi sau s\u0103 investig\u0103m circumstan\u021be care indic\u0103 o activitate ilegal\u0103. Obliga\u021biile de a elimina sau de a bloca utilizarea informa\u021biilor \u00een conformitate cu legile generale nu sunt afectate de acest lucru. Cu toate acestea, r\u0103spunderea \u00een acest sens este posibil\u0103 numai din momentul \u00een care se cunoa\u0219te o \u00eenc\u0103lcare concret\u0103 a legii. \u00cen cazul \u00een care lu\u0103m cuno\u0219tin\u021b\u0103 de astfel de \u00eenc\u0103lc\u0103ri, vom elimina imediat con\u021binutul respectiv.<\/p>\n\n\n\n<p><strong>R\u0103spunderea pentru leg\u0103turi<\/strong><br>Site-ul nostru web con\u021bine linkuri c\u0103tre site-uri web externe ale unor ter\u021be p\u0103r\u021bi asupra con\u021binutului c\u0103rora nu avem nicio influen\u021b\u0103. Prin urmare, nu ne putem asuma nicio r\u0103spundere pentru aceste con\u021binuturi externe. Furnizorul sau operatorul respectiv al paginilor este \u00eentotdeauna responsabil pentru con\u021binutul paginilor legate. Paginile cu linkuri au fost verificate pentru posibile \u00eenc\u0103lc\u0103ri legale \u00een momentul cre\u0103rii linkurilor. Con\u021binuturile ilegale nu au fost recunoscute \u00een momentul conect\u0103rii. Cu toate acestea, monitorizarea permanent\u0103 a con\u021binutului paginilor legate nu este rezonabil\u0103 \u00een lipsa unor indicii concrete de \u00eenc\u0103lcare a legii. \u00cen cazul \u00een care lu\u0103m cuno\u0219tin\u021b\u0103 de orice \u00eenc\u0103lcare a legii, vom elimina imediat aceste link-uri.<\/p>\n\n\n\n<p><strong>Drepturi de autor<\/strong><br>Con\u021binuturile \u0219i lucr\u0103rile create de operatorii site-ului pe aceste pagini sunt supuse legisla\u021biei germane privind drepturile de autor. Reproducerea, prelucrarea, distribuirea sau orice alt\u0103 form\u0103 de comercializare a acestor materiale dincolo de domeniul de aplicare a legii drepturilor de autor necesit\u0103 acordul prealabil scris al autorului sau creatorului respectiv. Desc\u0103rc\u0103rile \u0219i copiile de pe acest site sunt permise numai pentru uz privat, necomercial. \u00cen m\u0103sura \u00een care con\u021binutul acestui site nu a fost creat de c\u0103tre operator, sunt respectate drepturile de autor ale ter\u021bilor. \u00cen special, con\u021binutul ter\u021bilor este marcat ca atare. \u00cen cazul \u00een care, cu toate acestea, lua\u021bi cuno\u0219tin\u021b\u0103 de o \u00eenc\u0103lcare a drepturilor de autor, v\u0103 rug\u0103m s\u0103 ne informa\u021bi \u00een consecin\u021b\u0103. \u00cen cazul \u00een care lu\u0103m cuno\u0219tin\u021b\u0103 de orice \u00eenc\u0103lcare, vom elimina imediat con\u021binutul respectiv.<\/p>\n\n\n\n<p><strong>Protec\u021bia datelor<\/strong><br>\u00cen cazul \u00een care se ofer\u0103 posibilitatea de a introduce date personale sau de afaceri (adrese de e-mail, nume, adrese), introducerea acestor date are loc \u00een mod voluntar. Utilizarea \u0219i plata tuturor serviciilor oferite sunt permise &#8211; dac\u0103 \u0219i \u00een m\u0103sura \u00een care acest lucru este posibil din punct de vedere tehnic \u0219i rezonabil &#8211; f\u0103r\u0103 specificarea datelor cu caracter personal sau cu specificarea unor date anonime sau a unui pseudonim. Utilizarea adreselor po\u0219tale, a numerelor de telefon sau fax \u0219i a adreselor de e-mail publicate \u00een scopuri de marketing este interzis\u0103, iar contravenien\u021bii care trimit mesaje spam nedorite vor fi sanc\u021biona\u021bi. Ne rezerv\u0103m \u00een mod expres dreptul de a lua m\u0103suri legale \u00eempotriva expeditorilor de a\u0219a-numite mesaje spam \u00een cazul \u00eenc\u0103lc\u0103rii acestei interdic\u021bii.<\/p>\n<\/div>\n\n\n\n<div class=\"wp-block-themeisle-blocks-advanced-column\" id=\"wp-block-themeisle-blocks-advanced-column-ef84fc77\">\n<h3 class=\"wp-block-heading\">Angaben gem\u00e4\u00df \u00a7 5 TMG<\/h3>\n\n\n\n<p>Cristina Ra\u021b\u0103<\/p>\n\n\n\n<p>Zimmerergasse 1<\/p>\n\n\n\n<p>78628 Rottweil<\/p>\n\n\n\n<p><strong>Kontakt<\/strong><\/p>\n\n\n\n<p>Telefon: +4915226936271<\/p>\n\n\n\n<p>E-mai: cristinarata.contact@gmail.com<\/p>\n\n\n\n<p><strong>Steuernummer<\/strong><\/p>\n\n\n\n<p> 19240\/10112 <\/p>\n\n\n\n<p><strong>Haftungsausschluss<\/strong><\/p>\n\n\n\n<p><em>Haftung f\u00fcr Inhalte<\/em><br>Als Diensteanbieter sind wir gem\u00e4\u00df \u00a7 7 Abs.1 TMG f\u00fcr&nbsp;eigene Inhalte auf diesen Seiten nach den allgemeinen Gesetzen verantwortlich.&nbsp;Nach \u00a7\u00a7 8 bis 10 TMG sind wir als Diensteanbieter jedoch nicht&nbsp;verpflichtet, \u00fcbermittelte oder gespeicherte fremde Informationen zu&nbsp;\u00fcberwachen oder nach Umst\u00e4nden zu forschen, die auf eine rechtswidrige&nbsp;T\u00e4tigkeit hinweisen. Verpflichtungen zur Entfernung oder Sperrung der&nbsp;Nutzung von Informationen nach den allgemeinen Gesetzen bleiben hiervon&nbsp;unber\u00fchrt. Eine diesbez\u00fcgliche Haftung ist jedoch erst ab dem&nbsp;Zeitpunkt der Kenntnis einer konkreten Rechtsverletzung m\u00f6glich. Bei&nbsp;Bekanntwerden von entsprechenden Rechtsverletzungen werden wir diese Inhalte&nbsp;umgehend entfernen.<\/p>\n\n\n\n<p><em>Haftung f\u00fcr Links<\/em><br>Unser Angebot enth\u00e4lt Links zu externen Webseiten Dritter, auf deren&nbsp;Inhalte wir keinen Einfluss haben. Deshalb k\u00f6nnen wir f\u00fcr diese&nbsp;fremden Inhalte auch keine Gew\u00e4hr \u00fcbernehmen. F\u00fcr die Inhalte&nbsp;der verlinkten Seiten ist stets der jeweilige Anbieter oder Betreiber der&nbsp;Seiten verantwortlich. Die verlinkten Seiten wurden zum Zeitpunkt der Verlinkung&nbsp;auf m\u00f6gliche Rechtsverst\u00f6\u00dfe \u00fcberpr\u00fcft. Rechtswidrige&nbsp;Inhalte waren zum Zeitpunkt der Verlinkung nicht erkennbar. Eine permanente&nbsp;inhaltliche Kontrolle der verlinkten Seiten ist jedoch ohne konkrete Anhaltspunkte&nbsp;einer Rechtsverletzung nicht zumutbar. Bei Bekanntwerden von Rechtsverletzungen&nbsp;werden wir derartige Links umgehend entfernen.<\/p>\n\n\n\n<p><em>Urheberrecht<\/em><br>Die durch die Seitenbetreiber erstellten Inhalte und Werke auf diesen Seiten&nbsp;unterliegen dem deutschen Urheberrecht. Die Vervielf\u00e4ltigung, Bearbeitung, Verbreitung und&nbsp;jede Art der Verwertung au\u00dferhalb der Grenzen des Urheberrechtes bed\u00fcrfen&nbsp;der schriftlichen Zustimmung des jeweiligen Autors bzw. Erstellers. Downloads&nbsp;und Kopien dieser Seite sind nur f\u00fcr den privaten, nicht kommerziellen&nbsp;Gebrauch gestattet. Soweit die Inhalte auf dieser Seite nicht vom Betreiber erstellt wurden,&nbsp;werden die Urheberrechte Dritter beachtet. Insbesondere werden Inhalte Dritter als solche&nbsp;gekennzeichnet. Sollten Sie trotzdem auf eine Urheberrechtsverletzung aufmerksam werden, bitten wir um einen entsprechenden Hinweis.&nbsp;Bei Bekanntwerden von Rechtsverletzungen werden wir derartige Inhalte umgehend entfernen.<\/p>\n\n\n\n<p><strong>Datenschutz<\/strong><br>Sofern innerhalb des Internetangebotes die M\u00f6glichkeit zur Eingabe pers\u00f6nlicher oder gesch\u00e4ftlicher Daten (Emailadressen, Namen, Anschriften) besteht, so erfolgt die Preisgabe dieser Daten seitens des Nutzers auf ausdr\u00fccklich freiwilliger Basis. Die Inanspruchnahme und Bezahlung aller angebotenen Dienste ist \u2013 soweit technisch m\u00f6glich und zumutbar \u2013 auch ohne Angabe solcher Daten bzw. unter Angabe anonymisierter Daten oder eines Pseudonyms gestattet. Die Nutzung der im Rahmen des Impressums oder vergleichbarer Angaben ver\u00f6ffentlichten Kontaktdaten wie Postanschriften, Telefon- und Faxnummern sowie Emailadressen durch Dritte zur \u00dcbersendung von nicht ausdr\u00fccklich angeforderten Informationen ist nicht gestattet. Rechtliche Schritte gegen die Versender von sogenannten Spam-Mails bei Verst\u00f6ssen gegen dieses Verbot sind ausdr\u00fccklich vorbehalten.<\/p>\n<\/div>\n<\/div><\/div>","protected":false},"excerpt":{"rendered":"","protected":false},"author":2,"featured_media":0,"parent":0,"menu_order":0,"comment_status":"closed","ping_status":"closed","template":"","meta":{"_uag_custom_page_level_css":"","wprm-recipe-roundup-name":"","wprm-recipe-roundup-description":"","_monsterinsights_skip_tracking":false,"_monsterinsights_sitenote_active":false,"_monsterinsights_sitenote_note":"","_monsterinsights_sitenote_category":0,"site-sidebar-layout":"default","site-content-layout":"plain-container","ast-site-content-layout":"","site-content-style":"default","site-sidebar-style":"default","ast-global-header-display":"","ast-banner-title-visibility":"","ast-main-header-display":"","ast-hfb-above-header-display":"","ast-hfb-below-header-display":"","ast-hfb-mobile-header-display":"","site-post-title":"disabled","ast-breadcrumbs-content":"","ast-featured-img":"","footer-sml-layout":"","theme-transparent-header-meta":"default","adv-header-id-meta":"","stick-header-meta":"","header-above-stick-meta":"","header-main-stick-meta":"","header-below-stick-meta":"","astra-migrate-meta-layouts":"default","ast-page-background-enabled":"default","ast-page-background-meta":{"desktop":{"background-color":"","background-image":"","background-repeat":"repeat","background-position":"center center","background-size":"auto","background-attachment":"scroll","background-type":"","background-media":"","overlay-type":"","overlay-color":"","overlay-opacity":"","overlay-gradient":""},"tablet":{"background-color":"","background-image":"","background-repeat":"repeat","background-position":"center center","background-size":"auto","background-attachment":"scroll","background-type":"","background-media":"","overlay-type":"","overlay-color":"","overlay-opacity":"","overlay-gradient":""},"mobile":{"background-color":"","background-image":"","background-repeat":"repeat","background-position":"center center","background-size":"auto","background-attachment":"scroll","background-type":"","background-media":"","overlay-type":"","overlay-color":"","overlay-opacity":"","overlay-gradient":""}},"ast-content-background-meta":{"desktop":{"background-color":"var(--ast-global-color-5)","background-image":"","background-repeat":"repeat","background-position":"center center","background-size":"auto","background-attachment":"scroll","background-type":"","background-media":"","overlay-type":"","overlay-color":"","overlay-opacity":"","overlay-gradient":""},"tablet":{"background-color":"var(--ast-global-color-5)","background-image":"","background-repeat":"repeat","background-position":"center center","background-size":"auto","background-attachment":"scroll","background-type":"","background-media":"","overlay-type":"","overlay-color":"","overlay-opacity":"","overlay-gradient":""},"mobile":{"background-color":"var(--ast-global-color-5)","background-image":"","background-repeat":"repeat","background-position":"center center","background-size":"auto","background-attachment":"scroll","background-type":"","background-media":"","overlay-type":"","overlay-color":"","overlay-opacity":"","overlay-gradient":""}},"_themeisle_gutenberg_block_has_review":false,"footnotes":""},"class_list":["post-2186","page","type-page","status-publish","hentry"],"aioseo_notices":[],"yoast_head":"<!-- This site is optimized with the Yoast SEO plugin v27.5 - https:\/\/yoast.com\/product\/yoast-seo-wordpress\/ -->\n<title>Impressum &#8226; Cristina Rata<\/title>\n<meta name=\"robots\" content=\"index, follow, max-snippet:-1, max-image-preview:large, max-video-preview:-1\" \/>\n<link rel=\"canonical\" href=\"https:\/\/cristinarata.com\/ru_ru\/impressum\/\" \/>\n<meta property=\"og:locale\" content=\"ru_RU\" \/>\n<meta property=\"og:type\" content=\"article\" \/>\n<meta property=\"og:title\" content=\"Impressum &#8226; Cristina Rata\" \/>\n<meta property=\"og:url\" content=\"https:\/\/cristinarata.com\/ru_ru\/impressum\/\" \/>\n<meta property=\"og:site_name\" content=\"Cristina Rata\" \/>\n<meta property=\"article:publisher\" content=\"https:\/\/www.facebook.com\/cristinarata.de\" \/>\n<meta property=\"article:modified_time\" content=\"2021-12-21T12:49:47+00:00\" \/>\n<meta name=\"twitter:card\" content=\"summary_large_image\" \/>\n<meta name=\"twitter:label1\" content=\"\u041f\u0440\u0438\u043c\u0435\u0440\u043d\u043e\u0435 \u0432\u0440\u0435\u043c\u044f \u0434\u043b\u044f \u0447\u0442\u0435\u043d\u0438\u044f\" \/>\n\t<meta name=\"twitter:data1\" content=\"5 \u043c\u0438\u043d\u0443\u0442\" \/>\n<script type=\"application\/ld+json\" class=\"yoast-schema-graph\">{\"@context\":\"https:\\\/\\\/schema.org\",\"@graph\":[{\"@type\":\"WebPage\",\"@id\":\"https:\\\/\\\/cristinarata.com\\\/impressum\\\/\",\"url\":\"https:\\\/\\\/cristinarata.com\\\/impressum\\\/\",\"name\":\"Impressum &#8226; Cristina Rata\",\"isPartOf\":{\"@id\":\"https:\\\/\\\/cristinarata.com\\\/#website\"},\"datePublished\":\"2021-09-24T06:44:45+00:00\",\"dateModified\":\"2021-12-21T12:49:47+00:00\",\"breadcrumb\":{\"@id\":\"https:\\\/\\\/cristinarata.com\\\/impressum\\\/#breadcrumb\"},\"inLanguage\":\"ru-RU\",\"potentialAction\":[{\"@type\":\"ReadAction\",\"target\":[\"https:\\\/\\\/cristinarata.com\\\/impressum\\\/\"]}]},{\"@type\":\"BreadcrumbList\",\"@id\":\"https:\\\/\\\/cristinarata.com\\\/impressum\\\/#breadcrumb\",\"itemListElement\":[{\"@type\":\"ListItem\",\"position\":1,\"name\":\"Prima pagin\u0103\",\"item\":\"https:\\\/\\\/cristinarata.com\\\/\"},{\"@type\":\"ListItem\",\"position\":2,\"name\":\"Impressum\"}]},{\"@type\":\"WebSite\",\"@id\":\"https:\\\/\\\/cristinarata.com\\\/#website\",\"url\":\"https:\\\/\\\/cristinarata.com\\\/\",\"name\":\"Cristina Rata - nutri\u021bionist\",\"description\":\"Ambasadorul farfuriei echilibrate\",\"publisher\":{\"@id\":\"https:\\\/\\\/cristinarata.com\\\/#organization\"},\"potentialAction\":[{\"@type\":\"SearchAction\",\"target\":{\"@type\":\"EntryPoint\",\"urlTemplate\":\"https:\\\/\\\/cristinarata.com\\\/?s={search_term_string}\"},\"query-input\":{\"@type\":\"PropertyValueSpecification\",\"valueRequired\":true,\"valueName\":\"search_term_string\"}}],\"inLanguage\":\"ru-RU\"},{\"@type\":\"Organization\",\"@id\":\"https:\\\/\\\/cristinarata.com\\\/#organization\",\"name\":\"Cristina Ra\u021b\u0103\",\"url\":\"https:\\\/\\\/cristinarata.com\\\/\",\"logo\":{\"@type\":\"ImageObject\",\"inLanguage\":\"ru-RU\",\"@id\":\"https:\\\/\\\/cristinarata.com\\\/#\\\/schema\\\/logo\\\/image\\\/\",\"url\":\"https:\\\/\\\/cristinarata.com\\\/wp-content\\\/uploads\\\/2021\\\/05\\\/cropped-\u0420\u0438\u0441\u0443\u043d\u043e\u043a3.png\",\"contentUrl\":\"https:\\\/\\\/cristinarata.com\\\/wp-content\\\/uploads\\\/2021\\\/05\\\/cropped-\u0420\u0438\u0441\u0443\u043d\u043e\u043a3.png\",\"width\":448,\"height\":448,\"caption\":\"Cristina Ra\u021b\u0103\"},\"image\":{\"@id\":\"https:\\\/\\\/cristinarata.com\\\/#\\\/schema\\\/logo\\\/image\\\/\"},\"sameAs\":[\"https:\\\/\\\/www.facebook.com\\\/cristinarata.de\",\"https:\\\/\\\/www.instagram.com\\\/cristinarata_nutritionist\\\/\",\"https:\\\/\\\/www.linkedin.com\\\/in\\\/cristina-rata-389535221\\\/\"]}]}<\/script>\n<!-- \/ Yoast SEO plugin. -->","yoast_head_json":{"title":"Impressum &#8226; Cristina Rata","robots":{"index":"index","follow":"follow","max-snippet":"max-snippet:-1","max-image-preview":"max-image-preview:large","max-video-preview":"max-video-preview:-1"},"canonical":"https:\/\/cristinarata.com\/ru_ru\/impressum\/","og_locale":"ru_RU","og_type":"article","og_title":"Impressum &#8226; Cristina Rata","og_url":"https:\/\/cristinarata.com\/ru_ru\/impressum\/","og_site_name":"Cristina Rata","article_publisher":"https:\/\/www.facebook.com\/cristinarata.de","article_modified_time":"2021-12-21T12:49:47+00:00","twitter_card":"summary_large_image","twitter_misc":{"\u041f\u0440\u0438\u043c\u0435\u0440\u043d\u043e\u0435 \u0432\u0440\u0435\u043c\u044f \u0434\u043b\u044f \u0447\u0442\u0435\u043d\u0438\u044f":"5 \u043c\u0438\u043d\u0443\u0442"},"schema":{"@context":"https:\/\/schema.org","@graph":[{"@type":"WebPage","@id":"https:\/\/cristinarata.com\/impressum\/","url":"https:\/\/cristinarata.com\/impressum\/","name":"Impressum &#8226; Cristina Rata","isPartOf":{"@id":"https:\/\/cristinarata.com\/#website"},"datePublished":"2021-09-24T06:44:45+00:00","dateModified":"2021-12-21T12:49:47+00:00","breadcrumb":{"@id":"https:\/\/cristinarata.com\/impressum\/#breadcrumb"},"inLanguage":"ru-RU","potentialAction":[{"@type":"ReadAction","target":["https:\/\/cristinarata.com\/impressum\/"]}]},{"@type":"BreadcrumbList","@id":"https:\/\/cristinarata.com\/impressum\/#breadcrumb","itemListElement":[{"@type":"ListItem","position":1,"name":"Prima pagin\u0103","item":"https:\/\/cristinarata.com\/"},{"@type":"ListItem","position":2,"name":"Impressum"}]},{"@type":"WebSite","@id":"https:\/\/cristinarata.com\/#website","url":"https:\/\/cristinarata.com\/","name":"Cristina Rata - nutri\u021bionist","description":"\u041f\u043e\u0441\u043e\u043b \u0441\u0431\u0430\u043b\u0430\u043d\u0441\u0438\u0440\u043e\u0432\u0430\u043d\u043d\u043e\u0439 \u0442\u0430\u0440\u0435\u043b\u043a\u0438","publisher":{"@id":"https:\/\/cristinarata.com\/#organization"},"potentialAction":[{"@type":"SearchAction","target":{"@type":"EntryPoint","urlTemplate":"https:\/\/cristinarata.com\/?s={search_term_string}"},"query-input":{"@type":"PropertyValueSpecification","valueRequired":true,"valueName":"search_term_string"}}],"inLanguage":"ru-RU"},{"@type":"Organization","@id":"https:\/\/cristinarata.com\/#organization","name":"Cristina Ra\u021b\u0103","url":"https:\/\/cristinarata.com\/","logo":{"@type":"ImageObject","inLanguage":"ru-RU","@id":"https:\/\/cristinarata.com\/#\/schema\/logo\/image\/","url":"https:\/\/cristinarata.com\/wp-content\/uploads\/2021\/05\/cropped-\u0420\u0438\u0441\u0443\u043d\u043e\u043a3.png","contentUrl":"https:\/\/cristinarata.com\/wp-content\/uploads\/2021\/05\/cropped-\u0420\u0438\u0441\u0443\u043d\u043e\u043a3.png","width":448,"height":448,"caption":"Cristina Ra\u021b\u0103"},"image":{"@id":"https:\/\/cristinarata.com\/#\/schema\/logo\/image\/"},"sameAs":["https:\/\/www.facebook.com\/cristinarata.de","https:\/\/www.instagram.com\/cristinarata_nutritionist\/","https:\/\/www.linkedin.com\/in\/cristina-rata-389535221\/"]}]}},"uagb_featured_image_src":{"full":false,"thumbnail":false,"medium":false,"medium_large":false,"large":false,"1536x1536":false,"2048x2048":false,"trp-custom-language-flag":false,"wprm-metadata-1_1":false,"wprm-metadata-4_3":false,"wprm-metadata-16_9":false},"uagb_author_info":{"display_name":"Dan Irina","author_link":"https:\/\/cristinarata.com\/ru_ru\/author\/irina-dan\/"},"uagb_comment_info":0,"uagb_excerpt":null,"_links":{"self":[{"href":"https:\/\/cristinarata.com\/ru_ru\/wp-json\/wp\/v2\/pages\/2186","targetHints":{"allow":["GET"]}}],"collection":[{"href":"https:\/\/cristinarata.com\/ru_ru\/wp-json\/wp\/v2\/pages"}],"about":[{"href":"https:\/\/cristinarata.com\/ru_ru\/wp-json\/wp\/v2\/types\/page"}],"author":[{"embeddable":true,"href":"https:\/\/cristinarata.com\/ru_ru\/wp-json\/wp\/v2\/users\/2"}],"replies":[{"embeddable":true,"href":"https:\/\/cristinarata.com\/ru_ru\/wp-json\/wp\/v2\/comments?post=2186"}],"version-history":[{"count":5,"href":"https:\/\/cristinarata.com\/ru_ru\/wp-json\/wp\/v2\/pages\/2186\/revisions"}],"predecessor-version":[{"id":2660,"href":"https:\/\/cristinarata.com\/ru_ru\/wp-json\/wp\/v2\/pages\/2186\/revisions\/2660"}],"wp:attachment":[{"href":"https:\/\/cristinarata.com\/ru_ru\/wp-json\/wp\/v2\/media?parent=2186"}],"curies":[{"name":"wp","href":"https:\/\/api.w.org\/{rel}","templated":true}]}}