{"id":293,"date":"2020-09-08T11:06:54","date_gmt":"2020-09-08T11:06:54","guid":{"rendered":"https:\/\/cristinarata.com\/index.php\/contact\/"},"modified":"2025-12-09T16:01:41","modified_gmt":"2025-12-09T15:01:41","slug":"contact","status":"publish","type":"page","link":"https:\/\/cristinarata.com\/ru_ru\/contact\/","title":{"rendered":"Analizele de s\u00e2nge"},"content":{"rendered":"<div id=\"wp-block-themeisle-blocks-advanced-columns-16a078b5\" class=\"wp-block-themeisle-blocks-advanced-columns alignfull has-1-columns has-desktop-equal-layout has-tablet-equal-layout has-mobile-equal-layout has-vertical-unset\"><div class=\"wp-block-themeisle-blocks-advanced-columns-overlay\"><\/div><div class=\"innerblocks-wrap\">\n<div id=\"wp-block-themeisle-blocks-advanced-column-edd28ef8\" class=\"wp-block-themeisle-blocks-advanced-column\">\n<h2 class=\"wp-block-heading has-text-align-center has-black-color has-text-color has-large-font-size\">Interpretarea analizelor de s\u00e2nge<\/h2>\n<\/div>\n<\/div><\/div>\n\n\n\n<div class=\"wp-block-group is-layout-constrained wp-block-group-is-layout-constrained\">\n<p class=\"has-4-d-5055-color has-ffffff-background-color has-text-color has-background\">Consulta\u021bia este o \u00eent\u00e2lnire online, de <strong>60 minute<\/strong>, \u00een care: 1) \u00ee\u021bi <strong>analizez \u0219i interpretez rezultatele analizelor de s\u00e2nge<\/strong> \u0219i simptomele actuale, 2) identific <strong>cauzele reale<\/strong> ale problemelor de s\u0103n\u0103tate existente, 3) \u00ee\u021bi ofer<strong> solu\u021bia potrivit\u0103<\/strong> pentru corpul t\u0103u adaptat\u0103 exact situa\u021biei create. Vei \u00een\u021belege clar <strong>de ce te confrun\u021bi cu oboseal\u0103, kilograme \u00een plus, digestie dificil\u0103, discomfort gastrointestinal <\/strong>sau late simptome \u0219i vei pleca cu <strong>un plan clar de ac\u021biune<\/strong> pentru a-\u021bi rec\u0103p\u0103ta energia \u0219i echilibrul.<\/p>\n\n\n\n<p class=\"has-4-d-5055-color has-ffffff-background-color has-text-color has-background\"><strong>Ce c\u00e2\u0219tigi<\/strong> \u00een urma consulta\u021biei: <strong>\u2713<\/strong>afli <strong>ce spun cu adev\u0103rat analizele tale<\/strong> \u0219i dac\u0103 exist\u0103 dezechilibre ascunse, <strong>\u2713<\/strong>\u00een\u021belegi <strong>leg\u0103tura dintre simptome \u0219i starea ta de s\u0103n\u0103tate<\/strong>, <strong>\u2713<\/strong>prime\u0219ti <strong>recomand\u0103ri<\/strong> pentru alimenta\u021bie, suplimente \u0219i stil de via\u021b\u0103, <strong>\u2713<\/strong>\u0219tii <strong>ce pa\u0219i s\u0103 urmezi<\/strong> mai departe pentru a vedea rezultate, <strong>\u2713ai r\u0103spunsuri clare<\/strong> \u0219i personalizarte la \u00eentreb\u0103rile tale<\/p>\n\n\n\n<p class=\"has-4-d-5055-color has-ffffff-background-color has-text-color has-background\">Pentru a programa o consulta\u021bie, completeaz\u0103 rubricile de mai jos \u0219i apas\u0103 pe ,,Trimite&#8221;. Vei primi confirmare pe email cu data \u0219i ora consulta\u021biei, rechizitele bancare \u0219i chestionarul cu \u00eentreb\u0103ri. Valoarea consulta\u021biei este <strong>80 euro<\/strong> (21.11. &#8211; 28.11.25). Dac\u0103 alegi ulterior s\u0103 intri \u00een programul <strong>,,Femeie s\u0103n\u0103toas\u0103,, \u00ee\u021bi returnez costul consulta\u021biei<\/strong>. \u00ce\u021bi mul\u021bumesc anticipat pentru \u00eencredere. Programeaz\u0103-te acum!<\/p>\n<\/div>\n\n\n\n<div id=\"wp-block-themeisle-blocks-form-265bebd3\" class=\"wp-block-themeisle-blocks-form\" data-option-name=\"bf9b28ff82ce323187abc5d0feb0d8f07ecd8436_265bebd3\"><form class=\"otter-form__container\" action=\"\">\n<div id=\"wp-block-themeisle-blocks-form-input-fad9f3cc\" class=\"wp-block-themeisle-blocks-form-input\"><label for=\"wp-block-themeisle-blocks-form-input-fad9f3cc-input\" class=\"otter-form-input-label\"><span class=\"otter-form-input-label__label\">\u0418\u043c\u044f<\/span><span class=\"required\">*<\/span><\/label><input type=\"text\" id=\"wp-block-themeisle-blocks-form-input-fad9f3cc-input\" required class=\"otter-form-input\"\/><\/div>\n\n\n\n<div id=\"wp-block-themeisle-blocks-form-input-9969936a\" class=\"wp-block-themeisle-blocks-form-input\"><label for=\"wp-block-themeisle-blocks-form-input-9969936a-input\" class=\"otter-form-input-label\"><span class=\"otter-form-input-label__label\">\u042d\u043c\u0430\u0438\u043b<\/span><span class=\"required\">*<\/span><\/label><input type=\"email\" id=\"wp-block-themeisle-blocks-form-input-9969936a-input\" required class=\"otter-form-input\"\/><\/div>\n\n\n<div class=\"protection\" aria-hidden=\"true\"><input type=\"hidden\" id=\"wp-block-themeisle-blocks-form-265bebd3_nonce_field\" name=\"wp-block-themeisle-blocks-form-265bebd3_nonce_field\" value=\"1ee6f26a30\" \/><input type=\"hidden\" name=\"_wp_http_referer\" value=\"\/ru_ru\/wp-json\/wp\/v2\/pages\/293\" \/><input class=\"o-anti-bot\" type=\"checkbox\"><\/div>\n\n\n<div id=\"wp-block-themeisle-blocks-form-textarea-87d01b13\" class=\"wp-block-themeisle-blocks-form-textarea\"><label for=\"wp-block-themeisle-blocks-form-textarea-87d01b13-input\" class=\"otter-form-textarea-label\"><span class=\"otter-form-textarea-label__label\">Scrie cu ce probleme, discomfort, disfunc\u021bii te confrun\u021bi \u0219i ce dore\u0219ti s\u0103 \u00eembun\u0103t\u0103\u021be\u0219ti pentru a te sim\u021bi bine<\/span><\/label><textarea id=\"wp-block-themeisle-blocks-form-textarea-87d01b13-input\" rows=\"10\" class=\"otter-form-textarea-input\"><\/textarea><\/div>\n\n\n\n<p class=\"has-extra-small-font-size\">Sunte\u021bi de acord s\u0103 primi\u021bi comunic\u0103ri prin e-mail de la noi prin trimiterea acestui formular \u0219i \u00een\u021belege\u021bi c\u0103 informa\u021biile dvs. de contact vor fi stocate la noi.<\/p>\n<div class=\"wp-block-button\"><button class=\"wp-block-button__link\" type=\"submit\">Trimite<\/button><\/div><input type=\"hidden\" name=\"trp-form-language\" value=\"ru_ru\"\/><\/form><\/div>\n\n\n\n<p><\/p>\n\n\n\n<p><\/p>","protected":false},"excerpt":{"rendered":"<p>Consulta\u021bia este o \u00eent\u00e2lnire online, de 60 minute, \u00een care: 1) \u00ee\u021bi analizez \u0219i interpretez rezultatele analizelor de s\u00e2nge \u0219i simptomele actuale, 2) identific cauzele reale ale problemelor de s\u0103n\u0103tate existente, 3) \u00ee\u021bi ofer solu\u021bia potrivit\u0103 pentru corpul t\u0103u adaptat\u0103 exact situa\u021biei create. Vei \u00een\u021belege clar de ce te confrun\u021bi cu oboseal\u0103, kilograme \u00een plus, [&hellip;]<\/p>\n","protected":false},"author":2,"featured_media":0,"parent":0,"menu_order":0,"comment_status":"closed","ping_status":"closed","template":"","meta":{"_uag_custom_page_level_css":"","wprm-recipe-roundup-name":"","wprm-recipe-roundup-description":"","_monsterinsights_skip_tracking":false,"_monsterinsights_sitenote_active":false,"_monsterinsights_sitenote_note":"","_monsterinsights_sitenote_category":0,"site-sidebar-layout":"no-sidebar","site-content-layout":"plain-container","ast-site-content-layout":"normal-width-container","site-content-style":"unboxed","site-sidebar-style":"unboxed","ast-global-header-display":"","ast-banner-title-visibility":"","ast-main-header-display":"","ast-hfb-above-header-display":"","ast-hfb-below-header-display":"","ast-hfb-mobile-header-display":"","site-post-title":"disabled","ast-breadcrumbs-content":"","ast-featured-img":"","footer-sml-layout":"","theme-transparent-header-meta":"default","adv-header-id-meta":"","stick-header-meta":"","header-above-stick-meta":"","header-main-stick-meta":"","header-below-stick-meta":"","astra-migrate-meta-layouts":"set","ast-page-background-enabled":"default","ast-page-background-meta":{"desktop":{"background-color":"","background-image":"","background-repeat":"repeat","background-position":"center center","background-size":"auto","background-attachment":"scroll","background-type":"","background-media":"","overlay-type":"","overlay-color":"","overlay-opacity":"","overlay-gradient":""},"tablet":{"background-color":"","background-image":"","background-repeat":"repeat","background-position":"center center","background-size":"auto","background-attachment":"scroll","background-type":"","background-media":"","overlay-type":"","overlay-color":"","overlay-opacity":"","overlay-gradient":""},"mobile":{"background-color":"","background-image":"","background-repeat":"repeat","background-position":"center center","background-size":"auto","background-attachment":"scroll","background-type":"","background-media":"","overlay-type":"","overlay-color":"","overlay-opacity":"","overlay-gradient":""}},"ast-content-background-meta":{"desktop":{"background-color":"var(--ast-global-color-5)","background-image":"","background-repeat":"repeat","background-position":"center center","background-size":"auto","background-attachment":"scroll","background-type":"","background-media":"","overlay-type":"","overlay-color":"","overlay-opacity":"","overlay-gradient":""},"tablet":{"background-color":"var(--ast-global-color-5)","background-image":"","background-repeat":"repeat","background-position":"center center","background-size":"auto","background-attachment":"scroll","background-type":"","background-media":"","overlay-type":"","overlay-color":"","overlay-opacity":"","overlay-gradient":""},"mobile":{"background-color":"var(--ast-global-color-5)","background-image":"","background-repeat":"repeat","background-position":"center center","background-size":"auto","background-attachment":"scroll","background-type":"","background-media":"","overlay-type":"","overlay-color":"","overlay-opacity":"","overlay-gradient":""}},"_themeisle_gutenberg_block_has_review":false,"footnotes":""},"class_list":["post-293","page","type-page","status-publish","hentry"],"aioseo_notices":[],"yoast_head":"<!-- This site is optimized with the Yoast SEO plugin v27.5 - https:\/\/yoast.com\/product\/yoast-seo-wordpress\/ -->\n<title>Cristina Rata &#8226; Analizele de s\u00e2nge<\/title>\n<meta name=\"description\" content=\"Nutri\u021bionist atestat \u00een Germania. Pentru detalii despre colaborarea cu mine, \u00ee\u021bi ofer o\u00a0prim\u0103 consulta\u021bie de 30 de minute gratuit\u0103.\" \/>\n<meta name=\"robots\" content=\"index, follow, max-snippet:-1, max-image-preview:large, max-video-preview:-1\" \/>\n<link rel=\"canonical\" href=\"https:\/\/cristinarata.com\/ru_ru\/contact\/\" \/>\n<meta property=\"og:locale\" content=\"ru_RU\" \/>\n<meta property=\"og:type\" content=\"article\" \/>\n<meta property=\"og:title\" content=\"Cristina Ra\u021b\u0103 - Nutri\u021bionist\" \/>\n<meta property=\"og:description\" content=\"Nutri\u021bionist atestat \u00een Germania. Pentru detalii despre colaborarea cu mine, \u00ee\u021bi ofer o\u00a0prim\u0103 consulta\u021bie de 30 de minute gratuit\u0103.\" \/>\n<meta property=\"og:url\" content=\"https:\/\/cristinarata.com\/ru_ru\/contact\/\" \/>\n<meta property=\"og:site_name\" content=\"Cristina Rata\" \/>\n<meta property=\"article:publisher\" content=\"https:\/\/www.facebook.com\/cristinarata.de\" \/>\n<meta property=\"article:modified_time\" content=\"2025-12-09T15:01:41+00:00\" \/>\n<meta property=\"og:image\" content=\"https:\/\/cristinarata.com\/wp-content\/uploads\/2021\/05\/IMG_20200916_193002_123-1.jpg\" \/>\n\t<meta property=\"og:image:width\" content=\"610\" \/>\n\t<meta property=\"og:image:height\" content=\"610\" \/>\n\t<meta property=\"og:image:type\" content=\"image\/jpeg\" \/>\n<meta name=\"twitter:card\" content=\"summary_large_image\" \/>\n<meta name=\"twitter:label1\" content=\"\u041f\u0440\u0438\u043c\u0435\u0440\u043d\u043e\u0435 \u0432\u0440\u0435\u043c\u044f \u0434\u043b\u044f \u0447\u0442\u0435\u043d\u0438\u044f\" \/>\n\t<meta name=\"twitter:data1\" content=\"2 \u043c\u0438\u043d\u0443\u0442\u044b\" \/>\n<script type=\"application\/ld+json\" class=\"yoast-schema-graph\">{\"@context\":\"https:\\\/\\\/schema.org\",\"@graph\":[{\"@type\":\"WebPage\",\"@id\":\"https:\\\/\\\/cristinarata.com\\\/contact\\\/\",\"url\":\"https:\\\/\\\/cristinarata.com\\\/contact\\\/\",\"name\":\"Cristina Rata &#8226; Analizele de s\u00e2nge\",\"isPartOf\":{\"@id\":\"https:\\\/\\\/cristinarata.com\\\/#website\"},\"datePublished\":\"2020-09-08T11:06:54+00:00\",\"dateModified\":\"2025-12-09T15:01:41+00:00\",\"description\":\"Nutri\u021bionist atestat \u00een Germania. Pentru detalii despre colaborarea cu mine, \u00ee\u021bi ofer o\u00a0prim\u0103 consulta\u021bie de 30 de minute gratuit\u0103.\",\"breadcrumb\":{\"@id\":\"https:\\\/\\\/cristinarata.com\\\/contact\\\/#breadcrumb\"},\"inLanguage\":\"ru-RU\",\"potentialAction\":[{\"@type\":\"ReadAction\",\"target\":[\"https:\\\/\\\/cristinarata.com\\\/contact\\\/\"]}]},{\"@type\":\"BreadcrumbList\",\"@id\":\"https:\\\/\\\/cristinarata.com\\\/contact\\\/#breadcrumb\",\"itemListElement\":[{\"@type\":\"ListItem\",\"position\":1,\"name\":\"Prima pagin\u0103\",\"item\":\"https:\\\/\\\/cristinarata.com\\\/\"},{\"@type\":\"ListItem\",\"position\":2,\"name\":\"Analizele de s\u00e2nge\"}]},{\"@type\":\"WebSite\",\"@id\":\"https:\\\/\\\/cristinarata.com\\\/#website\",\"url\":\"https:\\\/\\\/cristinarata.com\\\/\",\"name\":\"Cristina Rata - nutri\u021bionist\",\"description\":\"Ambasadorul farfuriei echilibrate\",\"publisher\":{\"@id\":\"https:\\\/\\\/cristinarata.com\\\/#organization\"},\"potentialAction\":[{\"@type\":\"SearchAction\",\"target\":{\"@type\":\"EntryPoint\",\"urlTemplate\":\"https:\\\/\\\/cristinarata.com\\\/?s={search_term_string}\"},\"query-input\":{\"@type\":\"PropertyValueSpecification\",\"valueRequired\":true,\"valueName\":\"search_term_string\"}}],\"inLanguage\":\"ru-RU\"},{\"@type\":\"Organization\",\"@id\":\"https:\\\/\\\/cristinarata.com\\\/#organization\",\"name\":\"Cristina Ra\u021b\u0103\",\"url\":\"https:\\\/\\\/cristinarata.com\\\/\",\"logo\":{\"@type\":\"ImageObject\",\"inLanguage\":\"ru-RU\",\"@id\":\"https:\\\/\\\/cristinarata.com\\\/#\\\/schema\\\/logo\\\/image\\\/\",\"url\":\"https:\\\/\\\/cristinarata.com\\\/wp-content\\\/uploads\\\/2021\\\/05\\\/cropped-\u0420\u0438\u0441\u0443\u043d\u043e\u043a3.png\",\"contentUrl\":\"https:\\\/\\\/cristinarata.com\\\/wp-content\\\/uploads\\\/2021\\\/05\\\/cropped-\u0420\u0438\u0441\u0443\u043d\u043e\u043a3.png\",\"width\":448,\"height\":448,\"caption\":\"Cristina Ra\u021b\u0103\"},\"image\":{\"@id\":\"https:\\\/\\\/cristinarata.com\\\/#\\\/schema\\\/logo\\\/image\\\/\"},\"sameAs\":[\"https:\\\/\\\/www.facebook.com\\\/cristinarata.de\",\"https:\\\/\\\/www.instagram.com\\\/cristinarata_nutritionist\\\/\",\"https:\\\/\\\/www.linkedin.com\\\/in\\\/cristina-rata-389535221\\\/\"]}]}<\/script>\n<!-- \/ Yoast SEO plugin. -->","yoast_head_json":{"title":"Cristina Rata &#8226; Analizele de s\u00e2nge","description":"Nutri\u021bionist atestat \u00een Germania. Pentru detalii despre colaborarea cu mine, \u00ee\u021bi ofer o\u00a0prim\u0103 consulta\u021bie de 30 de minute gratuit\u0103.","robots":{"index":"index","follow":"follow","max-snippet":"max-snippet:-1","max-image-preview":"max-image-preview:large","max-video-preview":"max-video-preview:-1"},"canonical":"https:\/\/cristinarata.com\/ru_ru\/contact\/","og_locale":"ru_RU","og_type":"article","og_title":"Cristina Ra\u021b\u0103 - Nutri\u021bionist","og_description":"Nutri\u021bionist atestat \u00een Germania. Pentru detalii despre colaborarea cu mine, \u00ee\u021bi ofer o\u00a0prim\u0103 consulta\u021bie de 30 de minute gratuit\u0103.","og_url":"https:\/\/cristinarata.com\/ru_ru\/contact\/","og_site_name":"Cristina Rata","article_publisher":"https:\/\/www.facebook.com\/cristinarata.de","article_modified_time":"2025-12-09T15:01:41+00:00","og_image":[{"width":610,"height":610,"url":"https:\/\/cristinarata.com\/wp-content\/uploads\/2021\/05\/IMG_20200916_193002_123-1.jpg","type":"image\/jpeg"}],"twitter_card":"summary_large_image","twitter_misc":{"\u041f\u0440\u0438\u043c\u0435\u0440\u043d\u043e\u0435 \u0432\u0440\u0435\u043c\u044f \u0434\u043b\u044f \u0447\u0442\u0435\u043d\u0438\u044f":"2 \u043c\u0438\u043d\u0443\u0442\u044b"},"schema":{"@context":"https:\/\/schema.org","@graph":[{"@type":"WebPage","@id":"https:\/\/cristinarata.com\/contact\/","url":"https:\/\/cristinarata.com\/contact\/","name":"Cristina Rata &#8226; Analizele de s\u00e2nge","isPartOf":{"@id":"https:\/\/cristinarata.com\/#website"},"datePublished":"2020-09-08T11:06:54+00:00","dateModified":"2025-12-09T15:01:41+00:00","description":"Nutri\u021bionist atestat \u00een Germania. Pentru detalii despre colaborarea cu mine, \u00ee\u021bi ofer o\u00a0prim\u0103 consulta\u021bie de 30 de minute gratuit\u0103.","breadcrumb":{"@id":"https:\/\/cristinarata.com\/contact\/#breadcrumb"},"inLanguage":"ru-RU","potentialAction":[{"@type":"ReadAction","target":["https:\/\/cristinarata.com\/contact\/"]}]},{"@type":"BreadcrumbList","@id":"https:\/\/cristinarata.com\/contact\/#breadcrumb","itemListElement":[{"@type":"ListItem","position":1,"name":"Prima pagin\u0103","item":"https:\/\/cristinarata.com\/"},{"@type":"ListItem","position":2,"name":"Analizele de s\u00e2nge"}]},{"@type":"WebSite","@id":"https:\/\/cristinarata.com\/#website","url":"https:\/\/cristinarata.com\/","name":"Cristina Rata - nutri\u021bionist","description":"\u041f\u043e\u0441\u043e\u043b \u0441\u0431\u0430\u043b\u0430\u043d\u0441\u0438\u0440\u043e\u0432\u0430\u043d\u043d\u043e\u0439 \u0442\u0430\u0440\u0435\u043b\u043a\u0438","publisher":{"@id":"https:\/\/cristinarata.com\/#organization"},"potentialAction":[{"@type":"SearchAction","target":{"@type":"EntryPoint","urlTemplate":"https:\/\/cristinarata.com\/?s={search_term_string}"},"query-input":{"@type":"PropertyValueSpecification","valueRequired":true,"valueName":"search_term_string"}}],"inLanguage":"ru-RU"},{"@type":"Organization","@id":"https:\/\/cristinarata.com\/#organization","name":"Cristina Ra\u021b\u0103","url":"https:\/\/cristinarata.com\/","logo":{"@type":"ImageObject","inLanguage":"ru-RU","@id":"https:\/\/cristinarata.com\/#\/schema\/logo\/image\/","url":"https:\/\/cristinarata.com\/wp-content\/uploads\/2021\/05\/cropped-\u0420\u0438\u0441\u0443\u043d\u043e\u043a3.png","contentUrl":"https:\/\/cristinarata.com\/wp-content\/uploads\/2021\/05\/cropped-\u0420\u0438\u0441\u0443\u043d\u043e\u043a3.png","width":448,"height":448,"caption":"Cristina Ra\u021b\u0103"},"image":{"@id":"https:\/\/cristinarata.com\/#\/schema\/logo\/image\/"},"sameAs":["https:\/\/www.facebook.com\/cristinarata.de","https:\/\/www.instagram.com\/cristinarata_nutritionist\/","https:\/\/www.linkedin.com\/in\/cristina-rata-389535221\/"]}]}},"uagb_featured_image_src":{"full":false,"thumbnail":false,"medium":false,"medium_large":false,"large":false,"1536x1536":false,"2048x2048":false,"trp-custom-language-flag":false,"wprm-metadata-1_1":false,"wprm-metadata-4_3":false,"wprm-metadata-16_9":false},"uagb_author_info":{"display_name":"Dan Irina","author_link":"https:\/\/cristinarata.com\/ru_ru\/author\/irina-dan\/"},"uagb_comment_info":0,"uagb_excerpt":"Consulta\u021bia este o \u00eent\u00e2lnire online, de 60 minute, \u00een care: 1) \u00ee\u021bi analizez \u0219i interpretez rezultatele analizelor de s\u00e2nge \u0219i simptomele actuale, 2) identific cauzele reale ale problemelor de s\u0103n\u0103tate existente, 3) \u00ee\u021bi ofer solu\u021bia potrivit\u0103 pentru corpul t\u0103u adaptat\u0103 exact situa\u021biei create. Vei \u00een\u021belege clar de ce te confrun\u021bi cu oboseal\u0103, kilograme \u00een plus,&hellip;","_links":{"self":[{"href":"https:\/\/cristinarata.com\/ru_ru\/wp-json\/wp\/v2\/pages\/293","targetHints":{"allow":["GET"]}}],"collection":[{"href":"https:\/\/cristinarata.com\/ru_ru\/wp-json\/wp\/v2\/pages"}],"about":[{"href":"https:\/\/cristinarata.com\/ru_ru\/wp-json\/wp\/v2\/types\/page"}],"author":[{"embeddable":true,"href":"https:\/\/cristinarata.com\/ru_ru\/wp-json\/wp\/v2\/users\/2"}],"replies":[{"embeddable":true,"href":"https:\/\/cristinarata.com\/ru_ru\/wp-json\/wp\/v2\/comments?post=293"}],"version-history":[{"count":50,"href":"https:\/\/cristinarata.com\/ru_ru\/wp-json\/wp\/v2\/pages\/293\/revisions"}],"predecessor-version":[{"id":4916,"href":"https:\/\/cristinarata.com\/ru_ru\/wp-json\/wp\/v2\/pages\/293\/revisions\/4916"}],"wp:attachment":[{"href":"https:\/\/cristinarata.com\/ru_ru\/wp-json\/wp\/v2\/media?parent=293"}],"curies":[{"name":"wp","href":"https:\/\/api.w.org\/{rel}","templated":true}]}}