{"id":3942,"date":"2024-02-15T20:22:45","date_gmt":"2024-02-15T19:22:45","guid":{"rendered":"https:\/\/cristinarata.com\/?page_id=3942"},"modified":"2025-01-29T20:45:25","modified_gmt":"2025-01-29T19:45:25","slug":"multumim","status":"publish","type":"page","link":"https:\/\/cristinarata.com\/ru_ru\/multumim\/","title":{"rendered":"Multumim"},"content":{"rendered":"<div data-elementor-type=\"wp-page\" data-elementor-id=\"3942\" class=\"elementor elementor-3942\" data-elementor-post-type=\"page\">\n\t\t\t\t<div class=\"elementor-element elementor-element-d0e3a5b e-flex e-con-boxed e-con e-parent\" data-id=\"d0e3a5b\" data-element_type=\"container\">\n\t\t\t\t\t<div class=\"e-con-inner\">\n\t\t\t\t<div class=\"elementor-element elementor-element-51b8558 elementor-widget-mobile__width-inherit elementor-widget__width-initial elementor-widget elementor-widget-heading\" data-id=\"51b8558\" data-element_type=\"widget\" data-widget_type=\"heading.default\">\n\t\t\t\t<div class=\"elementor-widget-container\">\n\t\t\t<h2 class=\"elementor-heading-title elementor-size-default\">Felicit\u0103ri! Te-ai \u00eenscris cu succes la Webinar-ul Gratuit din Martie, ora 20:00<\/h2>\t\t<\/div>\n\t\t\t\t<\/div>\n\t\t\t\t<div class=\"elementor-element elementor-element-1d21646 elementor-widget__width-initial elementor-widget-mobile__width-inherit elementor-widget elementor-widget-video\" data-id=\"1d21646\" data-element_type=\"widget\" data-settings=\"{&quot;youtube_url&quot;:&quot;https:\\\/\\\/youtu.be\\\/vcdzCindIAE&quot;,&quot;autoplay&quot;:&quot;yes&quot;,&quot;video_type&quot;:&quot;youtube&quot;,&quot;controls&quot;:&quot;yes&quot;}\" data-widget_type=\"video.default\">\n\t\t\t\t<div class=\"elementor-widget-container\">\n\t\t\t\t\t<div class=\"elementor-wrapper elementor-open-inline\">\n\t\t\t<div class=\"elementor-video\"><\/div>\t\t<\/div>\n\t\t\t\t<\/div>\n\t\t\t\t<\/div>\n\t\t\t\t<div class=\"elementor-element elementor-element-991532e elementor-mobile-align-justify elementor-widget-mobile__width-inherit elementor-align-center elementor-widget elementor-widget-button\" data-id=\"991532e\" data-element_type=\"widget\" data-widget_type=\"button.default\">\n\t\t\t\t<div class=\"elementor-widget-container\">\n\t\t\t\t\t<div class=\"elementor-button-wrapper\">\n\t\t\t<a class=\"elementor-button elementor-button-link elementor-size-sm\" href=\"https:\/\/t.me\/+oRVLQpHdvsQ0MjBi\">\n\t\t\t\t\t\t<span class=\"elementor-button-content-wrapper\">\n\t\t\t\t\t\t\t\t\t<span class=\"elementor-button-text\">INTR\u0102 \u00ceN GRUPUL GRATUIT DE TELEGRAM<\/span>\n\t\t\t\t\t<\/span>\n\t\t\t\t\t<\/a>\n\t\t<\/div>\n\t\t\t\t<\/div>\n\t\t\t\t<\/div>\n\t\t\t\t<div class=\"elementor-element elementor-element-217d802 elementor-widget elementor-widget-text-editor\" data-id=\"217d802\" data-element_type=\"widget\" data-widget_type=\"text-editor.default\">\n\t\t\t\t<div class=\"elementor-widget-container\">\n\t\t\t\t\t\t\t<p>1. \u00cen c\u00e2teva minute vei primi pe E-Mail <strong>confirmarea de \u00eenscriere<\/strong>&nbsp;la webinar<br>2. Dac\u0103 nu g\u0103se\u0219ti email-ul verific\u0103 <b>folderele Spam\/Promotions\/Junk<\/b> \u0438 <b>Mut\u0103 e-mailul \u00een Inbox. <\/b><br>3. Stai cu ochii pe E-mail, acolo o s\u0103 prime\u0219ti mai multe actualiz\u0103ri \u0219i informa\u021bii valoroase p\u00e2n\u0103 la Webinar.<\/p>\t\t\t\t\t\t<\/div>\n\t\t\t\t<\/div>\n\t\t\t\t\t<\/div>\n\t\t\t\t<\/div>\n\t\t\t\t<\/div>","protected":false},"excerpt":{"rendered":"<p>Felicit\u0103ri! Te-ai \u00eenscris cu succes la Webinar-ul Gratuit din Martie, ora 20:00 INTR\u0102 \u00ceN GRUPUL GRATUIT DE TELEGRAM 1. \u00cen c\u00e2teva minute vei primi pe E-Mail confirmarea de \u00eenscriere&nbsp;la webinar2. Dac\u0103 nu g\u0103se\u0219ti email-ul verific\u0103 folderele Spam\/Promotions\/Junk \u0219i Mut\u0103 e-mailul \u00een Inbox. 3. Stai cu ochii pe E-mail, acolo o s\u0103 prime\u0219ti mai multe actualiz\u0103ri [&hellip;]<\/p>\n","protected":false},"author":1,"featured_media":0,"parent":0,"menu_order":0,"comment_status":"closed","ping_status":"closed","template":"elementor_canvas","meta":{"_uag_custom_page_level_css":"","wprm-recipe-roundup-name":"","wprm-recipe-roundup-description":"","_monsterinsights_skip_tracking":false,"_monsterinsights_sitenote_active":false,"_monsterinsights_sitenote_note":"","_monsterinsights_sitenote_category":0,"site-sidebar-layout":"no-sidebar","site-content-layout":"page-builder","ast-site-content-layout":"","site-content-style":"default","site-sidebar-style":"default","ast-global-header-display":"","ast-banner-title-visibility":"","ast-main-header-display":"","ast-hfb-above-header-display":"","ast-hfb-below-header-display":"","ast-hfb-mobile-header-display":"","site-post-title":"disabled","ast-breadcrumbs-content":"","ast-featured-img":"disabled","footer-sml-layout":"","theme-transparent-header-meta":"default","adv-header-id-meta":"","stick-header-meta":"","header-above-stick-meta":"","header-main-stick-meta":"","header-below-stick-meta":"","astra-migrate-meta-layouts":"default","ast-page-background-enabled":"default","ast-page-background-meta":{"desktop":{"background-color":"","background-image":"","background-repeat":"repeat","background-position":"center center","background-size":"auto","background-attachment":"scroll","background-type":"","background-media":"","overlay-type":"","overlay-color":"","overlay-opacity":"","overlay-gradient":""},"tablet":{"background-color":"","background-image":"","background-repeat":"repeat","background-position":"center center","background-size":"auto","background-attachment":"scroll","background-type":"","background-media":"","overlay-type":"","overlay-color":"","overlay-opacity":"","overlay-gradient":""},"mobile":{"background-color":"","background-image":"","background-repeat":"repeat","background-position":"center center","background-size":"auto","background-attachment":"scroll","background-type":"","background-media":"","overlay-type":"","overlay-color":"","overlay-opacity":"","overlay-gradient":""}},"ast-content-background-meta":{"desktop":{"background-color":"var(--ast-global-color-5)","background-image":"","background-repeat":"repeat","background-position":"center center","background-size":"auto","background-attachment":"scroll","background-type":"","background-media":"","overlay-type":"","overlay-color":"","overlay-opacity":"","overlay-gradient":""},"tablet":{"background-color":"var(--ast-global-color-5)","background-image":"","background-repeat":"repeat","background-position":"center center","background-size":"auto","background-attachment":"scroll","background-type":"","background-media":"","overlay-type":"","overlay-color":"","overlay-opacity":"","overlay-gradient":""},"mobile":{"background-color":"var(--ast-global-color-5)","background-image":"","background-repeat":"repeat","background-position":"center center","background-size":"auto","background-attachment":"scroll","background-type":"","background-media":"","overlay-type":"","overlay-color":"","overlay-opacity":"","overlay-gradient":""}},"_themeisle_gutenberg_block_has_review":false,"footnotes":""},"class_list":["post-3942","page","type-page","status-publish","hentry"],"aioseo_notices":[],"yoast_head":"<!-- This site is optimized with the Yoast SEO plugin v27.3 - https:\/\/yoast.com\/product\/yoast-seo-wordpress\/ -->\n<title>Multumim &#8226; Cristina Rata<\/title>\n<meta name=\"robots\" content=\"index, follow, max-snippet:-1, max-image-preview:large, max-video-preview:-1\" \/>\n<link rel=\"canonical\" href=\"https:\/\/cristinarata.com\/ru_ru\/multumim\/\" \/>\n<meta property=\"og:locale\" content=\"ru_RU\" \/>\n<meta property=\"og:type\" content=\"article\" \/>\n<meta property=\"og:title\" content=\"Multumim &#8226; Cristina Rata\" \/>\n<meta property=\"og:description\" content=\"Felicit\u0103ri! Te-ai \u00eenscris cu succes la Webinar-ul Gratuit din Martie, ora 20:00 INTR\u0102 \u00ceN GRUPUL GRATUIT DE TELEGRAM 1. \u00cen c\u00e2teva minute vei primi pe E-Mail confirmarea de \u00eenscriere&nbsp;la webinar2. Dac\u0103 nu g\u0103se\u0219ti email-ul verific\u0103 folderele Spam\/Promotions\/Junk \u0219i Mut\u0103 e-mailul \u00een Inbox. 3. Stai cu ochii pe E-mail, acolo o s\u0103 prime\u0219ti mai multe actualiz\u0103ri [&hellip;]\" \/>\n<meta property=\"og:url\" content=\"https:\/\/cristinarata.com\/ru_ru\/multumim\/\" \/>\n<meta property=\"og:site_name\" content=\"Cristina Rata\" \/>\n<meta property=\"article:publisher\" content=\"https:\/\/www.facebook.com\/cristinarata.de\" \/>\n<meta property=\"article:modified_time\" content=\"2025-01-29T19:45:25+00:00\" \/>\n<meta name=\"twitter:card\" content=\"summary_large_image\" \/>\n<meta name=\"twitter:label1\" content=\"\u041f\u0440\u0438\u043c\u0435\u0440\u043d\u043e\u0435 \u0432\u0440\u0435\u043c\u044f \u0434\u043b\u044f \u0447\u0442\u0435\u043d\u0438\u044f\" \/>\n\t<meta name=\"twitter:data1\" content=\"1 \u043c\u0438\u043d\u0443\u0442\u0430\" \/>\n<script type=\"application\/ld+json\" class=\"yoast-schema-graph\">{\"@context\":\"https:\\\/\\\/schema.org\",\"@graph\":[{\"@type\":\"WebPage\",\"@id\":\"https:\\\/\\\/cristinarata.com\\\/multumim\\\/\",\"url\":\"https:\\\/\\\/cristinarata.com\\\/multumim\\\/\",\"name\":\"Multumim &#8226; Cristina Rata\",\"isPartOf\":{\"@id\":\"https:\\\/\\\/cristinarata.com\\\/#website\"},\"datePublished\":\"2024-02-15T19:22:45+00:00\",\"dateModified\":\"2025-01-29T19:45:25+00:00\",\"breadcrumb\":{\"@id\":\"https:\\\/\\\/cristinarata.com\\\/multumim\\\/#breadcrumb\"},\"inLanguage\":\"ru-RU\",\"potentialAction\":[{\"@type\":\"ReadAction\",\"target\":[\"https:\\\/\\\/cristinarata.com\\\/multumim\\\/\"]}]},{\"@type\":\"BreadcrumbList\",\"@id\":\"https:\\\/\\\/cristinarata.com\\\/multumim\\\/#breadcrumb\",\"itemListElement\":[{\"@type\":\"ListItem\",\"position\":1,\"name\":\"Prima pagin\u0103\",\"item\":\"https:\\\/\\\/cristinarata.com\\\/\"},{\"@type\":\"ListItem\",\"position\":2,\"name\":\"Multumim\"}]},{\"@type\":\"WebSite\",\"@id\":\"https:\\\/\\\/cristinarata.com\\\/#website\",\"url\":\"https:\\\/\\\/cristinarata.com\\\/\",\"name\":\"Cristina Rata - nutri\u021bionist\",\"description\":\"Ambasadorul farfuriei echilibrate\",\"publisher\":{\"@id\":\"https:\\\/\\\/cristinarata.com\\\/#organization\"},\"potentialAction\":[{\"@type\":\"SearchAction\",\"target\":{\"@type\":\"EntryPoint\",\"urlTemplate\":\"https:\\\/\\\/cristinarata.com\\\/?s={search_term_string}\"},\"query-input\":{\"@type\":\"PropertyValueSpecification\",\"valueRequired\":true,\"valueName\":\"search_term_string\"}}],\"inLanguage\":\"ru-RU\"},{\"@type\":\"Organization\",\"@id\":\"https:\\\/\\\/cristinarata.com\\\/#organization\",\"name\":\"Cristina Ra\u021b\u0103\",\"url\":\"https:\\\/\\\/cristinarata.com\\\/\",\"logo\":{\"@type\":\"ImageObject\",\"inLanguage\":\"ru-RU\",\"@id\":\"https:\\\/\\\/cristinarata.com\\\/#\\\/schema\\\/logo\\\/image\\\/\",\"url\":\"https:\\\/\\\/cristinarata.com\\\/wp-content\\\/uploads\\\/2021\\\/05\\\/cropped-\u0420\u0438\u0441\u0443\u043d\u043e\u043a3.png\",\"contentUrl\":\"https:\\\/\\\/cristinarata.com\\\/wp-content\\\/uploads\\\/2021\\\/05\\\/cropped-\u0420\u0438\u0441\u0443\u043d\u043e\u043a3.png\",\"width\":448,\"height\":448,\"caption\":\"Cristina Ra\u021b\u0103\"},\"image\":{\"@id\":\"https:\\\/\\\/cristinarata.com\\\/#\\\/schema\\\/logo\\\/image\\\/\"},\"sameAs\":[\"https:\\\/\\\/www.facebook.com\\\/cristinarata.de\",\"https:\\\/\\\/www.instagram.com\\\/cristinarata_nutritionist\\\/\",\"https:\\\/\\\/www.linkedin.com\\\/in\\\/cristina-rata-389535221\\\/\"]}]}<\/script>\n<!-- \/ Yoast SEO plugin. -->","yoast_head_json":{"title":"Multumim &#8226; Cristina Rata","robots":{"index":"index","follow":"follow","max-snippet":"max-snippet:-1","max-image-preview":"max-image-preview:large","max-video-preview":"max-video-preview:-1"},"canonical":"https:\/\/cristinarata.com\/ru_ru\/multumim\/","og_locale":"ru_RU","og_type":"article","og_title":"Multumim &#8226; Cristina Rata","og_description":"Felicit\u0103ri! Te-ai \u00eenscris cu succes la Webinar-ul Gratuit din Martie, ora 20:00 INTR\u0102 \u00ceN GRUPUL GRATUIT DE TELEGRAM 1. \u00cen c\u00e2teva minute vei primi pe E-Mail confirmarea de \u00eenscriere&nbsp;la webinar2. Dac\u0103 nu g\u0103se\u0219ti email-ul verific\u0103 folderele Spam\/Promotions\/Junk \u0219i Mut\u0103 e-mailul \u00een Inbox. 3. Stai cu ochii pe E-mail, acolo o s\u0103 prime\u0219ti mai multe actualiz\u0103ri [&hellip;]","og_url":"https:\/\/cristinarata.com\/ru_ru\/multumim\/","og_site_name":"Cristina Rata","article_publisher":"https:\/\/www.facebook.com\/cristinarata.de","article_modified_time":"2025-01-29T19:45:25+00:00","twitter_card":"summary_large_image","twitter_misc":{"\u041f\u0440\u0438\u043c\u0435\u0440\u043d\u043e\u0435 \u0432\u0440\u0435\u043c\u044f \u0434\u043b\u044f \u0447\u0442\u0435\u043d\u0438\u044f":"1 \u043c\u0438\u043d\u0443\u0442\u0430"},"schema":{"@context":"https:\/\/schema.org","@graph":[{"@type":"WebPage","@id":"https:\/\/cristinarata.com\/multumim\/","url":"https:\/\/cristinarata.com\/multumim\/","name":"Multumim &#8226; Cristina Rata","isPartOf":{"@id":"https:\/\/cristinarata.com\/#website"},"datePublished":"2024-02-15T19:22:45+00:00","dateModified":"2025-01-29T19:45:25+00:00","breadcrumb":{"@id":"https:\/\/cristinarata.com\/multumim\/#breadcrumb"},"inLanguage":"ru-RU","potentialAction":[{"@type":"ReadAction","target":["https:\/\/cristinarata.com\/multumim\/"]}]},{"@type":"BreadcrumbList","@id":"https:\/\/cristinarata.com\/multumim\/#breadcrumb","itemListElement":[{"@type":"ListItem","position":1,"name":"Prima pagin\u0103","item":"https:\/\/cristinarata.com\/"},{"@type":"ListItem","position":2,"name":"Multumim"}]},{"@type":"WebSite","@id":"https:\/\/cristinarata.com\/#website","url":"https:\/\/cristinarata.com\/","name":"Cristina Rata - nutri\u021bionist","description":"\u041f\u043e\u0441\u043e\u043b \u0441\u0431\u0430\u043b\u0430\u043d\u0441\u0438\u0440\u043e\u0432\u0430\u043d\u043d\u043e\u0439 \u0442\u0430\u0440\u0435\u043b\u043a\u0438","publisher":{"@id":"https:\/\/cristinarata.com\/#organization"},"potentialAction":[{"@type":"SearchAction","target":{"@type":"EntryPoint","urlTemplate":"https:\/\/cristinarata.com\/?s={search_term_string}"},"query-input":{"@type":"PropertyValueSpecification","valueRequired":true,"valueName":"search_term_string"}}],"inLanguage":"ru-RU"},{"@type":"Organization","@id":"https:\/\/cristinarata.com\/#organization","name":"Cristina Ra\u021b\u0103","url":"https:\/\/cristinarata.com\/","logo":{"@type":"ImageObject","inLanguage":"ru-RU","@id":"https:\/\/cristinarata.com\/#\/schema\/logo\/image\/","url":"https:\/\/cristinarata.com\/wp-content\/uploads\/2021\/05\/cropped-\u0420\u0438\u0441\u0443\u043d\u043e\u043a3.png","contentUrl":"https:\/\/cristinarata.com\/wp-content\/uploads\/2021\/05\/cropped-\u0420\u0438\u0441\u0443\u043d\u043e\u043a3.png","width":448,"height":448,"caption":"Cristina Ra\u021b\u0103"},"image":{"@id":"https:\/\/cristinarata.com\/#\/schema\/logo\/image\/"},"sameAs":["https:\/\/www.facebook.com\/cristinarata.de","https:\/\/www.instagram.com\/cristinarata_nutritionist\/","https:\/\/www.linkedin.com\/in\/cristina-rata-389535221\/"]}]}},"uagb_featured_image_src":{"full":false,"thumbnail":false,"medium":false,"medium_large":false,"large":false,"1536x1536":false,"2048x2048":false,"trp-custom-language-flag":false,"wprm-metadata-1_1":false,"wprm-metadata-4_3":false,"wprm-metadata-16_9":false},"uagb_author_info":{"display_name":"c.ceremonii@gmail.com","author_link":"https:\/\/cristinarata.com\/ru_ru\/author\/c-ceremoniigmail-com\/"},"uagb_comment_info":0,"uagb_excerpt":"Felicit\u0103ri! Te-ai \u00eenscris cu succes la Webinar-ul Gratuit din Martie, ora 20:00 INTR\u0102 \u00ceN GRUPUL GRATUIT DE TELEGRAM 1. \u00cen c\u00e2teva minute vei primi pe E-Mail confirmarea de \u00eenscriere&nbsp;la webinar2. Dac\u0103 nu g\u0103se\u0219ti email-ul verific\u0103 folderele Spam\/Promotions\/Junk \u0219i Mut\u0103 e-mailul \u00een Inbox. 3. Stai cu ochii pe E-mail, acolo o s\u0103 prime\u0219ti mai multe actualiz\u0103ri&hellip;","_links":{"self":[{"href":"https:\/\/cristinarata.com\/ru_ru\/wp-json\/wp\/v2\/pages\/3942","targetHints":{"allow":["GET"]}}],"collection":[{"href":"https:\/\/cristinarata.com\/ru_ru\/wp-json\/wp\/v2\/pages"}],"about":[{"href":"https:\/\/cristinarata.com\/ru_ru\/wp-json\/wp\/v2\/types\/page"}],"author":[{"embeddable":true,"href":"https:\/\/cristinarata.com\/ru_ru\/wp-json\/wp\/v2\/users\/1"}],"replies":[{"embeddable":true,"href":"https:\/\/cristinarata.com\/ru_ru\/wp-json\/wp\/v2\/comments?post=3942"}],"version-history":[{"count":70,"href":"https:\/\/cristinarata.com\/ru_ru\/wp-json\/wp\/v2\/pages\/3942\/revisions"}],"predecessor-version":[{"id":4197,"href":"https:\/\/cristinarata.com\/ru_ru\/wp-json\/wp\/v2\/pages\/3942\/revisions\/4197"}],"wp:attachment":[{"href":"https:\/\/cristinarata.com\/ru_ru\/wp-json\/wp\/v2\/media?parent=3942"}],"curies":[{"name":"wp","href":"https:\/\/api.w.org\/{rel}","templated":true}]}}